{"id":281,"date":"2022-12-22T07:09:09","date_gmt":"2022-12-22T06:09:09","guid":{"rendered":"https:\/\/www.guideline-fr.com\/?post_type=product&#038;p=281"},"modified":"2024-01-21T12:03:26","modified_gmt":"2024-01-21T11:03:26","slug":"visita-lyon-con-guia-espanol","status":"publish","type":"product","link":"https:\/\/www.guideline-fr.com\/fr\/produit\/visita-lyon-con-guia-espanol\/","title":{"rendered":"Visita Lyon con gu\u00eda en Espa\u00f1ol"},"content":{"rendered":"<p>\u00a1Descubre <strong>Lyon<\/strong> a trav\u00e9s de un apasionante<strong> tour<\/strong> de 2h que combina la arquitectura y la gastronom\u00eda!<\/p>\n<p>Lyon cuenta con tres distritos clasificados Patrimonio Mundial de la Humanidad por la UNESCO. En este TOUR LYON ESPA\u00d1OL, recorre los tres distritos y los <strong>lugares emblem\u00e1ticos e hist\u00f3ricos de Lyon<\/strong>, en compa\u00f1\u00eda de un arquitecto.<\/p>\n<p>Nuestra <strong>visita\u00a0de lyon en espa\u00f1ol<\/strong> te llevar\u00e1 a descubrir <a href=\"https:\/\/www.guideline-fr.com\/fr\/servicios\/particulares\/\">l<strong>os tesoros arquitect\u00f3nicos m\u00e1s destacados de Lyon<\/strong><\/a>. Desde majestuosas iglesias y catedrales, hasta edificios modernos, tendr\u00e1s la oportunidad de admirar la diversidad de estilos arquitect\u00f3nicos que conforman el paisaje urbano de la ciudad.<\/p>\n<p>Durante el tour, te llevaremos a trav\u00e9s de los <strong>encantadores mercados de Lyon<\/strong>, donde podr\u00e1s conocer sobre la gastronom\u00eda local. Descubrir los deliciosos platos t\u00edpicos de la regi\u00f3n, como la quenelle, el salchich\u00f3n de Lyon y los famosos postres, mientras aprendes sobre la historia culinaria y los ingredientes locales que hacen de <strong><a href=\"https:\/\/www.guideline-fr.com\/fr\/produit\/experiencia-corcho-bouchon\/\">la cocina lyonesa<\/a><\/strong> tan especial.<\/p>\n<p><strong>Grupos reducidos y ambiente amigable<\/strong>: Nos aseguramos de mantener los grupos peque\u00f1os para ofrecerte una experiencia m\u00e1s personalizada y permitir una interacci\u00f3n cercana con el gu\u00eda y los dem\u00e1s participantes. Creemos en fomentar un ambiente amigable y relajado, donde puedas hacer nuevas amistades y compartir tus experiencias con otros <strong>viajeros interesados en la arquitectura y la gastronom\u00eda<\/strong>.<\/p>\n<p>*Se requiere un m\u00ednimo de 5 asistentes para realizar el recorrido*<\/p>\n<p>**Se pide aceptar las COndiciones Generales de Venta. **<\/p>\n<p>&nbsp;<\/p>\n<p>&nbsp;<\/p>\n<p>&nbsp;<\/p>","protected":false},"excerpt":{"rendered":"<p>Precio por persona<\/p>","protected":false},"featured_media":160,"template":"","meta":{"_et_pb_use_builder":"","_et_pb_old_content":"","_et_gb_content_width":""},"product_cat":[33],"product_tag":[],"yoast_head":"<!-- This site is optimized with the Yoast SEO plugin v21.9.1 - https:\/\/yoast.com\/wordpress\/plugins\/seo\/ -->\n<title>Visita Lyon con gu\u00eda en Espa\u00f1ol - Guide Line<\/title>\n<meta name=\"description\" content=\"En esta VSITA de LYON en ESPA\u00d1OL, conoce los LUGARES IMPRESCINDIBLES de la ciudad de Lyon, donde un Arquitecto te dar\u00e1 las claves para ver la ciudad.\" \/>\n<meta name=\"robots\" content=\"index, follow, max-snippet:-1, max-image-preview:large, max-video-preview:-1\" \/>\n<link rel=\"canonical\" href=\"https:\/\/www.guideline-fr.com\/fr\/produit\/visita-lyon-con-guia-espanol\/\" \/>\n<meta property=\"og:locale\" content=\"fr_FR\" \/>\n<meta property=\"og:type\" content=\"article\" \/>\n<meta property=\"og:title\" content=\"free tour lyon espa\u00f1ol\" \/>\n<meta property=\"og:description\" content=\"En esta VSITA de LYON en ESPA\u00d1OL, conoce los LUGARES IMPRESCINDIBLES de la ciudad de Lyon, donde un Arquitecto te dar\u00e1 las claves para ver la ciudad.\" \/>\n<meta property=\"og:url\" content=\"https:\/\/www.guideline-fr.com\/fr\/produit\/visita-lyon-con-guia-espanol\/\" \/>\n<meta property=\"og:site_name\" content=\"Guide Line\" \/>\n<meta property=\"article:modified_time\" content=\"2024-01-21T11:03:26+00:00\" \/>\n<meta property=\"og:image\" content=\"https:\/\/www.guideline-fr.com\/wp-content\/uploads\/2022\/12\/Lion.png\" \/>\n\t<meta property=\"og:image:width\" content=\"500\" \/>\n\t<meta property=\"og:image:height\" content=\"500\" \/>\n\t<meta property=\"og:image:type\" content=\"image\/png\" \/>\n<meta name=\"twitter:card\" content=\"summary_large_image\" \/>\n<meta name=\"twitter:title\" content=\"free tour lyon espa\u00f1ol\" \/>\n<meta name=\"twitter:label1\" content=\"Dur\u00e9e de lecture estim\u00e9e\" \/>\n\t<meta name=\"twitter:data1\" content=\"2 minutes\" \/>\n<script type=\"application\/ld+json\" class=\"yoast-schema-graph\">{\"@context\":\"https:\/\/schema.org\",\"@graph\":[{\"@type\":\"WebPage\",\"@id\":\"https:\/\/www.guideline-fr.com\/producto\/visita-lyon-con-guia-espanol\/\",\"url\":\"https:\/\/www.guideline-fr.com\/producto\/visita-lyon-con-guia-espanol\/\",\"name\":\"Visita Lyon con gu\u00eda en Espa\u00f1ol - Guide Line\",\"isPartOf\":{\"@id\":\"https:\/\/www.guideline-fr.com\/fr\/#website\"},\"datePublished\":\"2022-12-22T06:09:09+00:00\",\"dateModified\":\"2024-01-21T11:03:26+00:00\",\"description\":\"En esta VSITA de LYON en ESPA\u00d1OL, conoce los LUGARES IMPRESCINDIBLES de la ciudad de Lyon, donde un Arquitecto te dar\u00e1 las claves para ver la ciudad.\",\"breadcrumb\":{\"@id\":\"https:\/\/www.guideline-fr.com\/producto\/visita-lyon-con-guia-espanol\/#breadcrumb\"},\"inLanguage\":\"fr-FR\",\"potentialAction\":[{\"@type\":\"ReadAction\",\"target\":[\"https:\/\/www.guideline-fr.com\/producto\/visita-lyon-con-guia-espanol\/\"]}]},{\"@type\":\"BreadcrumbList\",\"@id\":\"https:\/\/www.guideline-fr.com\/producto\/visita-lyon-con-guia-espanol\/#breadcrumb\",\"itemListElement\":[{\"@type\":\"ListItem\",\"position\":1,\"name\":\"Portada\",\"item\":\"https:\/\/www.guideline-fr.com\/\"},{\"@type\":\"ListItem\",\"position\":2,\"name\":\"Tienda\",\"item\":\"https:\/\/www.guideline-fr.com\/fr\/tienda\/\"},{\"@type\":\"ListItem\",\"position\":3,\"name\":\"Visita Lyon con gu\u00eda en Espa\u00f1ol\"}]},{\"@type\":\"WebSite\",\"@id\":\"https:\/\/www.guideline-fr.com\/fr\/#website\",\"url\":\"https:\/\/www.guideline-fr.com\/fr\/\",\"name\":\"Guide Line\",\"description\":\"No ofrecemos tours, ofrecemos experiencias\",\"potentialAction\":[{\"@type\":\"SearchAction\",\"target\":{\"@type\":\"EntryPoint\",\"urlTemplate\":\"https:\/\/www.guideline-fr.com\/fr\/?s={search_term_string}\"},\"query-input\":\"required name=search_term_string\"}],\"inLanguage\":\"fr-FR\"}]}<\/script>\n<!-- \/ Yoast SEO plugin. -->","yoast_head_json":{"title":"Visita Lyon con gu\u00eda en Espa\u00f1ol - Guide Line","description":"En esta VSITA de LYON en ESPA\u00d1OL, conoce los LUGARES IMPRESCINDIBLES de la ciudad de Lyon, donde un Arquitecto te dar\u00e1 las claves para ver la ciudad.","robots":{"index":"index","follow":"follow","max-snippet":"max-snippet:-1","max-image-preview":"max-image-preview:large","max-video-preview":"max-video-preview:-1"},"canonical":"https:\/\/www.guideline-fr.com\/fr\/produit\/visita-lyon-con-guia-espanol\/","og_locale":"fr_FR","og_type":"article","og_title":"free tour lyon espa\u00f1ol","og_description":"En esta VSITA de LYON en ESPA\u00d1OL, conoce los LUGARES IMPRESCINDIBLES de la ciudad de Lyon, donde un Arquitecto te dar\u00e1 las claves para ver la ciudad.","og_url":"https:\/\/www.guideline-fr.com\/fr\/produit\/visita-lyon-con-guia-espanol\/","og_site_name":"Guide Line","article_modified_time":"2024-01-21T11:03:26+00:00","og_image":[{"width":500,"height":500,"url":"https:\/\/www.guideline-fr.com\/wp-content\/uploads\/2022\/12\/Lion.png","type":"image\/png"}],"twitter_card":"summary_large_image","twitter_title":"free tour lyon espa\u00f1ol","twitter_misc":{"Dur\u00e9e de lecture estim\u00e9e":"2 minutes"},"schema":{"@context":"https:\/\/schema.org","@graph":[{"@type":"WebPage","@id":"https:\/\/www.guideline-fr.com\/producto\/visita-lyon-con-guia-espanol\/","url":"https:\/\/www.guideline-fr.com\/producto\/visita-lyon-con-guia-espanol\/","name":"Visita Lyon con gu\u00eda en Espa\u00f1ol - Guide Line","isPartOf":{"@id":"https:\/\/www.guideline-fr.com\/fr\/#website"},"datePublished":"2022-12-22T06:09:09+00:00","dateModified":"2024-01-21T11:03:26+00:00","description":"En esta VSITA de LYON en ESPA\u00d1OL, conoce los LUGARES IMPRESCINDIBLES de la ciudad de Lyon, donde un Arquitecto te dar\u00e1 las claves para ver la ciudad.","breadcrumb":{"@id":"https:\/\/www.guideline-fr.com\/producto\/visita-lyon-con-guia-espanol\/#breadcrumb"},"inLanguage":"fr-FR","potentialAction":[{"@type":"ReadAction","target":["https:\/\/www.guideline-fr.com\/producto\/visita-lyon-con-guia-espanol\/"]}]},{"@type":"BreadcrumbList","@id":"https:\/\/www.guideline-fr.com\/producto\/visita-lyon-con-guia-espanol\/#breadcrumb","itemListElement":[{"@type":"ListItem","position":1,"name":"Portada","item":"https:\/\/www.guideline-fr.com\/"},{"@type":"ListItem","position":2,"name":"Tienda","item":"https:\/\/www.guideline-fr.com\/fr\/tienda\/"},{"@type":"ListItem","position":3,"name":"Visita Lyon con gu\u00eda en Espa\u00f1ol"}]},{"@type":"WebSite","@id":"https:\/\/www.guideline-fr.com\/fr\/#website","url":"https:\/\/www.guideline-fr.com\/fr\/","name":"Guide Line","description":"No ofrecemos tours, ofrecemos experiencias","potentialAction":[{"@type":"SearchAction","target":{"@type":"EntryPoint","urlTemplate":"https:\/\/www.guideline-fr.com\/fr\/?s={search_term_string}"},"query-input":"required name=search_term_string"}],"inLanguage":"fr-FR"}]}},"_links":{"self":[{"href":"https:\/\/www.guideline-fr.com\/fr\/wp-json\/wp\/v2\/product\/281"}],"collection":[{"href":"https:\/\/www.guideline-fr.com\/fr\/wp-json\/wp\/v2\/product"}],"about":[{"href":"https:\/\/www.guideline-fr.com\/fr\/wp-json\/wp\/v2\/types\/product"}],"wp:featuredmedia":[{"embeddable":true,"href":"https:\/\/www.guideline-fr.com\/fr\/wp-json\/wp\/v2\/media\/160"}],"wp:attachment":[{"href":"https:\/\/www.guideline-fr.com\/fr\/wp-json\/wp\/v2\/media?parent=281"}],"wp:term":[{"taxonomy":"product_cat","embeddable":true,"href":"https:\/\/www.guideline-fr.com\/fr\/wp-json\/wp\/v2\/product_cat?post=281"},{"taxonomy":"product_tag","embeddable":true,"href":"https:\/\/www.guideline-fr.com\/fr\/wp-json\/wp\/v2\/product_tag?post=281"}],"curies":[{"name":"wp","href":"https:\/\/api.w.org\/{rel}","templated":true}]}}