{"id":239,"date":"2022-12-21T07:47:53","date_gmt":"2022-12-21T06:47:53","guid":{"rendered":"https:\/\/www.guideline-fr.com\/producto\/teambulding-garnier\/"},"modified":"2023-07-04T14:50:35","modified_gmt":"2023-07-04T12:50:35","slug":"teambuilding-arquitectura-lyon","status":"publish","type":"product","link":"https:\/\/www.guideline-fr.com\/fr\/produit\/teambuilding-arquitectura-lyon\/","title":{"rendered":"Teambuilding Garnier"},"content":{"rendered":"<p>El <strong>team building<\/strong> se centrar\u00e1 en actividades interactivas dise\u00f1adas para fomentar la colaboraci\u00f3n y el trabajo en equipo. Los participantes se dividir\u00e1n en grupos y se les asignar\u00e1n desaf\u00edos basados en los <strong>principios arquitect\u00f3nicos de Garnier<\/strong>. Deber\u00e1n resolver problemas, tomar decisiones conjuntas y presentar soluciones creativas. Esto promover\u00e1 la comunicaci\u00f3n efectiva, la cohesi\u00f3n grupal y el desarrollo de habilidades colaborativas.<\/p>\n<p>El evento incluir\u00e1 una <strong>visita a la Cit\u00e9 Tony Garnier<\/strong>, un proyecto residencial hist\u00f3rico dise\u00f1ado por Garnier. Los participantes podr\u00e1n recorrer este impresionante espacio, admirar su arquitectura y comprender su impacto social. A trav\u00e9s de actividades interactivas, descubrir\u00e1n c\u00f3mo se concibi\u00f3 la Cit\u00e9 Tony Garnier como un proyecto innovador que buscaba mejorar la calidad de vida de los habitantes de Lyon.<\/p>\n<p>Los participantes ser\u00e1n desafiados a crear y dise\u00f1ar sus propias propuestas arquitect\u00f3nicas inspiradas en los principios de Tony Garnier. Se les proporcionar\u00e1n herramientas y materiales para que den vida a sus ideas y las presenten al grupo. Esto estimular\u00e1 la creatividad, el pensamiento lateral y la capacidad de encontrar soluciones originales.<\/p>","protected":false},"excerpt":{"rendered":"<p>Cont\u00e1ctanos para un presupuesto: info@guideline-fr.com<\/p>","protected":false},"featured_media":166,"template":"","meta":{"_et_pb_use_builder":"","_et_pb_old_content":"","_et_gb_content_width":""},"product_cat":[35,34],"product_tag":[],"yoast_head":"<!-- This site is optimized with the Yoast SEO plugin v21.9.1 - https:\/\/yoast.com\/wordpress\/plugins\/seo\/ -->\n<title>Teambuilding Garnier - Guide Line<\/title>\n<meta name=\"description\" content=\"TEAM BUILDING LYON centrado en el legado de Tony Garnier. A trav\u00e9s de actividades interactivas y la exploraci\u00f3n, disfrutar\u00e1s de una experiencia en equipo.\" \/>\n<meta name=\"robots\" content=\"index, follow, max-snippet:-1, max-image-preview:large, max-video-preview:-1\" \/>\n<link rel=\"canonical\" href=\"https:\/\/www.guideline-fr.com\/fr\/produit\/teambuilding-arquitectura-lyon\/\" \/>\n<meta property=\"og:locale\" content=\"fr_FR\" \/>\n<meta property=\"og:type\" content=\"article\" \/>\n<meta property=\"og:title\" content=\"Teambuilding Garnier - Guide Line\" \/>\n<meta property=\"og:description\" content=\"TEAM BUILDING LYON centrado en el legado de Tony Garnier. A trav\u00e9s de actividades interactivas y la exploraci\u00f3n, disfrutar\u00e1s de una experiencia en equipo.\" \/>\n<meta property=\"og:url\" content=\"https:\/\/www.guideline-fr.com\/fr\/produit\/teambuilding-arquitectura-lyon\/\" \/>\n<meta property=\"og:site_name\" content=\"Guide Line\" \/>\n<meta property=\"article:modified_time\" content=\"2023-07-04T12:50:35+00:00\" \/>\n<meta property=\"og:image\" content=\"https:\/\/www.guideline-fr.com\/wp-content\/uploads\/2022\/12\/Tony-Garnier.png\" \/>\n\t<meta property=\"og:image:width\" content=\"500\" \/>\n\t<meta property=\"og:image:height\" content=\"500\" \/>\n\t<meta property=\"og:image:type\" content=\"image\/png\" \/>\n<meta name=\"twitter:card\" content=\"summary_large_image\" \/>\n<meta name=\"twitter:label1\" content=\"Dur\u00e9e de lecture estim\u00e9e\" \/>\n\t<meta name=\"twitter:data1\" content=\"1 minute\" \/>\n<script type=\"application\/ld+json\" class=\"yoast-schema-graph\">{\"@context\":\"https:\/\/schema.org\",\"@graph\":[{\"@type\":\"WebPage\",\"@id\":\"https:\/\/www.guideline-fr.com\/producto\/teambuilding-arquitectura-lyon\/\",\"url\":\"https:\/\/www.guideline-fr.com\/producto\/teambuilding-arquitectura-lyon\/\",\"name\":\"Teambuilding Garnier - Guide Line\",\"isPartOf\":{\"@id\":\"https:\/\/www.guideline-fr.com\/fr\/#website\"},\"datePublished\":\"2022-12-21T06:47:53+00:00\",\"dateModified\":\"2023-07-04T12:50:35+00:00\",\"description\":\"TEAM BUILDING LYON centrado en el legado de Tony Garnier. A trav\u00e9s de actividades interactivas y la exploraci\u00f3n, disfrutar\u00e1s de una experiencia en equipo.\",\"breadcrumb\":{\"@id\":\"https:\/\/www.guideline-fr.com\/producto\/teambuilding-arquitectura-lyon\/#breadcrumb\"},\"inLanguage\":\"fr-FR\",\"potentialAction\":[{\"@type\":\"ReadAction\",\"target\":[\"https:\/\/www.guideline-fr.com\/producto\/teambuilding-arquitectura-lyon\/\"]}]},{\"@type\":\"BreadcrumbList\",\"@id\":\"https:\/\/www.guideline-fr.com\/producto\/teambuilding-arquitectura-lyon\/#breadcrumb\",\"itemListElement\":[{\"@type\":\"ListItem\",\"position\":1,\"name\":\"Portada\",\"item\":\"https:\/\/www.guideline-fr.com\/\"},{\"@type\":\"ListItem\",\"position\":2,\"name\":\"Tienda\",\"item\":\"https:\/\/www.guideline-fr.com\/fr\/tienda\/\"},{\"@type\":\"ListItem\",\"position\":3,\"name\":\"Teambuilding Garnier\"}]},{\"@type\":\"WebSite\",\"@id\":\"https:\/\/www.guideline-fr.com\/fr\/#website\",\"url\":\"https:\/\/www.guideline-fr.com\/fr\/\",\"name\":\"Guide Line\",\"description\":\"No ofrecemos tours, ofrecemos experiencias\",\"potentialAction\":[{\"@type\":\"SearchAction\",\"target\":{\"@type\":\"EntryPoint\",\"urlTemplate\":\"https:\/\/www.guideline-fr.com\/fr\/?s={search_term_string}\"},\"query-input\":\"required name=search_term_string\"}],\"inLanguage\":\"fr-FR\"}]}<\/script>\n<!-- \/ Yoast SEO plugin. -->","yoast_head_json":{"title":"Teambuilding Garnier - Guide Line","description":"TEAM BUILDING LYON centrado en el legado de Tony Garnier. A trav\u00e9s de actividades interactivas y la exploraci\u00f3n, disfrutar\u00e1s de una experiencia en equipo.","robots":{"index":"index","follow":"follow","max-snippet":"max-snippet:-1","max-image-preview":"max-image-preview:large","max-video-preview":"max-video-preview:-1"},"canonical":"https:\/\/www.guideline-fr.com\/fr\/produit\/teambuilding-arquitectura-lyon\/","og_locale":"fr_FR","og_type":"article","og_title":"Teambuilding Garnier - Guide Line","og_description":"TEAM BUILDING LYON centrado en el legado de Tony Garnier. A trav\u00e9s de actividades interactivas y la exploraci\u00f3n, disfrutar\u00e1s de una experiencia en equipo.","og_url":"https:\/\/www.guideline-fr.com\/fr\/produit\/teambuilding-arquitectura-lyon\/","og_site_name":"Guide Line","article_modified_time":"2023-07-04T12:50:35+00:00","og_image":[{"width":500,"height":500,"url":"https:\/\/www.guideline-fr.com\/wp-content\/uploads\/2022\/12\/Tony-Garnier.png","type":"image\/png"}],"twitter_card":"summary_large_image","twitter_misc":{"Dur\u00e9e de lecture estim\u00e9e":"1 minute"},"schema":{"@context":"https:\/\/schema.org","@graph":[{"@type":"WebPage","@id":"https:\/\/www.guideline-fr.com\/producto\/teambuilding-arquitectura-lyon\/","url":"https:\/\/www.guideline-fr.com\/producto\/teambuilding-arquitectura-lyon\/","name":"Teambuilding Garnier - Guide Line","isPartOf":{"@id":"https:\/\/www.guideline-fr.com\/fr\/#website"},"datePublished":"2022-12-21T06:47:53+00:00","dateModified":"2023-07-04T12:50:35+00:00","description":"TEAM BUILDING LYON centrado en el legado de Tony Garnier. A trav\u00e9s de actividades interactivas y la exploraci\u00f3n, disfrutar\u00e1s de una experiencia en equipo.","breadcrumb":{"@id":"https:\/\/www.guideline-fr.com\/producto\/teambuilding-arquitectura-lyon\/#breadcrumb"},"inLanguage":"fr-FR","potentialAction":[{"@type":"ReadAction","target":["https:\/\/www.guideline-fr.com\/producto\/teambuilding-arquitectura-lyon\/"]}]},{"@type":"BreadcrumbList","@id":"https:\/\/www.guideline-fr.com\/producto\/teambuilding-arquitectura-lyon\/#breadcrumb","itemListElement":[{"@type":"ListItem","position":1,"name":"Portada","item":"https:\/\/www.guideline-fr.com\/"},{"@type":"ListItem","position":2,"name":"Tienda","item":"https:\/\/www.guideline-fr.com\/fr\/tienda\/"},{"@type":"ListItem","position":3,"name":"Teambuilding Garnier"}]},{"@type":"WebSite","@id":"https:\/\/www.guideline-fr.com\/fr\/#website","url":"https:\/\/www.guideline-fr.com\/fr\/","name":"Guide Line","description":"No ofrecemos tours, ofrecemos experiencias","potentialAction":[{"@type":"SearchAction","target":{"@type":"EntryPoint","urlTemplate":"https:\/\/www.guideline-fr.com\/fr\/?s={search_term_string}"},"query-input":"required name=search_term_string"}],"inLanguage":"fr-FR"}]}},"_links":{"self":[{"href":"https:\/\/www.guideline-fr.com\/fr\/wp-json\/wp\/v2\/product\/239"}],"collection":[{"href":"https:\/\/www.guideline-fr.com\/fr\/wp-json\/wp\/v2\/product"}],"about":[{"href":"https:\/\/www.guideline-fr.com\/fr\/wp-json\/wp\/v2\/types\/product"}],"wp:featuredmedia":[{"embeddable":true,"href":"https:\/\/www.guideline-fr.com\/fr\/wp-json\/wp\/v2\/media\/166"}],"wp:attachment":[{"href":"https:\/\/www.guideline-fr.com\/fr\/wp-json\/wp\/v2\/media?parent=239"}],"wp:term":[{"taxonomy":"product_cat","embeddable":true,"href":"https:\/\/www.guideline-fr.com\/fr\/wp-json\/wp\/v2\/product_cat?post=239"},{"taxonomy":"product_tag","embeddable":true,"href":"https:\/\/www.guideline-fr.com\/fr\/wp-json\/wp\/v2\/product_tag?post=239"}],"curies":[{"name":"wp","href":"https:\/\/api.w.org\/{rel}","templated":true}]}}