{"id":238,"date":"2022-12-21T07:47:53","date_gmt":"2022-12-21T06:47:53","guid":{"rendered":"https:\/\/www.guideline-fr.com\/producto\/teambulding-gotico\/"},"modified":"2023-07-04T14:59:12","modified_gmt":"2023-07-04T12:59:12","slug":"team-building-lyon","status":"publish","type":"product","link":"https:\/\/www.guideline-fr.com\/fr\/produit\/team-building-lyon\/","title":{"rendered":"Teambuilding Gothique"},"content":{"rendered":"<p>El <strong>team building<\/strong> se centrar\u00e1 en actividades dise\u00f1adas para fomentar la colaboraci\u00f3n y el trabajo en equipo. Los participantes se dividir\u00e1n en grupos y se les asignar\u00e1n desaf\u00edos basados en <strong>los principios arquitect\u00f3nicos g\u00f3ticos<\/strong>. Juntos, deber\u00e1n resolver problemas, tomar decisiones conjuntas y presentar soluciones creativas. Esto promover\u00e1 la comunicaci\u00f3n efectiva, la cohesi\u00f3n grupal y el desarrollo de habilidades colaborativas.<\/p>\n<p>\u00a1Organiza un emocionante evento de <strong>team building en Lyon<\/strong> con un enfoque en la arquitectura g\u00f3tica! Nos centramos en brindarte una experiencia interactiva y enriquecedora, destacando la belleza y el legado de la arquitectura g\u00f3tica en la ciudad.<\/p>\n<p>Lyon cuenta con impresionantes ejemplos de arquitectura g\u00f3tica que te transportar\u00e1n a una \u00e9poca de esplendor arquitect\u00f3nico. Durante el evento de team building, explorar\u00e1s la ic\u00f3nica <strong>catedral g\u00f3tica de Lyon<\/strong>. Admira sus imponentes fachadas, vitrales coloridos y detalles arquitect\u00f3nicos intrincados que caracterizan el estilo g\u00f3tico.<\/p>","protected":false},"excerpt":{"rendered":"<p>Cont\u00e1ctanos para un presupuesto: infor@guideline-fr.com<\/p>","protected":false},"featured_media":159,"template":"","meta":{"_et_pb_use_builder":"","_et_pb_old_content":"","_et_gb_content_width":""},"product_cat":[35,34],"product_tag":[],"yoast_head":"<!-- This site is optimized with the Yoast SEO plugin v21.9.1 - https:\/\/yoast.com\/wordpress\/plugins\/seo\/ -->\n<title>Teambuilding G\u00f3tico - Guide Line<\/title>\n<meta name=\"description\" content=\"TEAM BUILDING Lyon con \u00e9nfasis en la arquitectura g\u00f3tica, permitir\u00e1 a un equipo, descubrir la belleza y el legado de este estilo arquitect\u00f3nico\" \/>\n<meta name=\"robots\" content=\"index, follow, max-snippet:-1, max-image-preview:large, max-video-preview:-1\" \/>\n<link rel=\"canonical\" href=\"https:\/\/www.guideline-fr.com\/fr\/produit\/team-building-lyon\/\" \/>\n<meta property=\"og:locale\" content=\"fr_FR\" \/>\n<meta property=\"og:type\" content=\"article\" \/>\n<meta property=\"og:title\" content=\"Teambuilding G\u00f3tico - Guide Line\" \/>\n<meta property=\"og:description\" content=\"TEAM BUILDING Lyon con \u00e9nfasis en la arquitectura g\u00f3tica, permitir\u00e1 a un equipo, descubrir la belleza y el legado de este estilo arquitect\u00f3nico\" \/>\n<meta property=\"og:url\" content=\"https:\/\/www.guideline-fr.com\/fr\/produit\/team-building-lyon\/\" \/>\n<meta property=\"og:site_name\" content=\"Guide Line\" \/>\n<meta property=\"article:modified_time\" content=\"2023-07-04T12:59:12+00:00\" \/>\n<meta property=\"og:image\" content=\"https:\/\/www.guideline-fr.com\/wp-content\/uploads\/2022\/12\/Gothique.png\" \/>\n\t<meta property=\"og:image:width\" content=\"500\" \/>\n\t<meta property=\"og:image:height\" content=\"500\" \/>\n\t<meta property=\"og:image:type\" content=\"image\/png\" \/>\n<meta name=\"twitter:card\" content=\"summary_large_image\" \/>\n<meta name=\"twitter:label1\" content=\"Dur\u00e9e de lecture estim\u00e9e\" \/>\n\t<meta name=\"twitter:data1\" content=\"1 minute\" \/>\n<script type=\"application\/ld+json\" class=\"yoast-schema-graph\">{\"@context\":\"https:\/\/schema.org\",\"@graph\":[{\"@type\":\"WebPage\",\"@id\":\"https:\/\/www.guideline-fr.com\/producto\/team-building-lyon\/\",\"url\":\"https:\/\/www.guideline-fr.com\/producto\/team-building-lyon\/\",\"name\":\"Teambuilding G\u00f3tico - Guide Line\",\"isPartOf\":{\"@id\":\"https:\/\/www.guideline-fr.com\/fr\/#website\"},\"datePublished\":\"2022-12-21T06:47:53+00:00\",\"dateModified\":\"2023-07-04T12:59:12+00:00\",\"description\":\"TEAM BUILDING Lyon con \u00e9nfasis en la arquitectura g\u00f3tica, permitir\u00e1 a un equipo, descubrir la belleza y el legado de este estilo arquitect\u00f3nico\",\"breadcrumb\":{\"@id\":\"https:\/\/www.guideline-fr.com\/producto\/team-building-lyon\/#breadcrumb\"},\"inLanguage\":\"fr-FR\",\"potentialAction\":[{\"@type\":\"ReadAction\",\"target\":[\"https:\/\/www.guideline-fr.com\/producto\/team-building-lyon\/\"]}]},{\"@type\":\"BreadcrumbList\",\"@id\":\"https:\/\/www.guideline-fr.com\/producto\/team-building-lyon\/#breadcrumb\",\"itemListElement\":[{\"@type\":\"ListItem\",\"position\":1,\"name\":\"Portada\",\"item\":\"https:\/\/www.guideline-fr.com\/\"},{\"@type\":\"ListItem\",\"position\":2,\"name\":\"Tienda\",\"item\":\"https:\/\/www.guideline-fr.com\/fr\/tienda\/\"},{\"@type\":\"ListItem\",\"position\":3,\"name\":\"Teambuilding G\u00f3tico\"}]},{\"@type\":\"WebSite\",\"@id\":\"https:\/\/www.guideline-fr.com\/fr\/#website\",\"url\":\"https:\/\/www.guideline-fr.com\/fr\/\",\"name\":\"Guide Line\",\"description\":\"No ofrecemos tours, ofrecemos experiencias\",\"potentialAction\":[{\"@type\":\"SearchAction\",\"target\":{\"@type\":\"EntryPoint\",\"urlTemplate\":\"https:\/\/www.guideline-fr.com\/fr\/?s={search_term_string}\"},\"query-input\":\"required name=search_term_string\"}],\"inLanguage\":\"fr-FR\"}]}<\/script>\n<!-- \/ Yoast SEO plugin. -->","yoast_head_json":{"title":"Teambuilding G\u00f3tico - Guide Line","description":"TEAM BUILDING Lyon con \u00e9nfasis en la arquitectura g\u00f3tica, permitir\u00e1 a un equipo, descubrir la belleza y el legado de este estilo arquitect\u00f3nico","robots":{"index":"index","follow":"follow","max-snippet":"max-snippet:-1","max-image-preview":"max-image-preview:large","max-video-preview":"max-video-preview:-1"},"canonical":"https:\/\/www.guideline-fr.com\/fr\/produit\/team-building-lyon\/","og_locale":"fr_FR","og_type":"article","og_title":"Teambuilding G\u00f3tico - Guide Line","og_description":"TEAM BUILDING Lyon con \u00e9nfasis en la arquitectura g\u00f3tica, permitir\u00e1 a un equipo, descubrir la belleza y el legado de este estilo arquitect\u00f3nico","og_url":"https:\/\/www.guideline-fr.com\/fr\/produit\/team-building-lyon\/","og_site_name":"Guide Line","article_modified_time":"2023-07-04T12:59:12+00:00","og_image":[{"width":500,"height":500,"url":"https:\/\/www.guideline-fr.com\/wp-content\/uploads\/2022\/12\/Gothique.png","type":"image\/png"}],"twitter_card":"summary_large_image","twitter_misc":{"Dur\u00e9e de lecture estim\u00e9e":"1 minute"},"schema":{"@context":"https:\/\/schema.org","@graph":[{"@type":"WebPage","@id":"https:\/\/www.guideline-fr.com\/producto\/team-building-lyon\/","url":"https:\/\/www.guideline-fr.com\/producto\/team-building-lyon\/","name":"Teambuilding G\u00f3tico - Guide Line","isPartOf":{"@id":"https:\/\/www.guideline-fr.com\/fr\/#website"},"datePublished":"2022-12-21T06:47:53+00:00","dateModified":"2023-07-04T12:59:12+00:00","description":"TEAM BUILDING Lyon con \u00e9nfasis en la arquitectura g\u00f3tica, permitir\u00e1 a un equipo, descubrir la belleza y el legado de este estilo arquitect\u00f3nico","breadcrumb":{"@id":"https:\/\/www.guideline-fr.com\/producto\/team-building-lyon\/#breadcrumb"},"inLanguage":"fr-FR","potentialAction":[{"@type":"ReadAction","target":["https:\/\/www.guideline-fr.com\/producto\/team-building-lyon\/"]}]},{"@type":"BreadcrumbList","@id":"https:\/\/www.guideline-fr.com\/producto\/team-building-lyon\/#breadcrumb","itemListElement":[{"@type":"ListItem","position":1,"name":"Portada","item":"https:\/\/www.guideline-fr.com\/"},{"@type":"ListItem","position":2,"name":"Tienda","item":"https:\/\/www.guideline-fr.com\/fr\/tienda\/"},{"@type":"ListItem","position":3,"name":"Teambuilding G\u00f3tico"}]},{"@type":"WebSite","@id":"https:\/\/www.guideline-fr.com\/fr\/#website","url":"https:\/\/www.guideline-fr.com\/fr\/","name":"Guide Line","description":"No ofrecemos tours, ofrecemos experiencias","potentialAction":[{"@type":"SearchAction","target":{"@type":"EntryPoint","urlTemplate":"https:\/\/www.guideline-fr.com\/fr\/?s={search_term_string}"},"query-input":"required name=search_term_string"}],"inLanguage":"fr-FR"}]}},"_links":{"self":[{"href":"https:\/\/www.guideline-fr.com\/fr\/wp-json\/wp\/v2\/product\/238"}],"collection":[{"href":"https:\/\/www.guideline-fr.com\/fr\/wp-json\/wp\/v2\/product"}],"about":[{"href":"https:\/\/www.guideline-fr.com\/fr\/wp-json\/wp\/v2\/types\/product"}],"wp:featuredmedia":[{"embeddable":true,"href":"https:\/\/www.guideline-fr.com\/fr\/wp-json\/wp\/v2\/media\/159"}],"wp:attachment":[{"href":"https:\/\/www.guideline-fr.com\/fr\/wp-json\/wp\/v2\/media?parent=238"}],"wp:term":[{"taxonomy":"product_cat","embeddable":true,"href":"https:\/\/www.guideline-fr.com\/fr\/wp-json\/wp\/v2\/product_cat?post=238"},{"taxonomy":"product_tag","embeddable":true,"href":"https:\/\/www.guideline-fr.com\/fr\/wp-json\/wp\/v2\/product_tag?post=238"}],"curies":[{"name":"wp","href":"https:\/\/api.w.org\/{rel}","templated":true}]}}