{"id":234,"date":"2022-12-21T07:47:53","date_gmt":"2022-12-21T06:47:53","guid":{"rendered":"https:\/\/www.guideline-fr.com\/producto\/experiencia-corcho-bouchon\/"},"modified":"2023-07-04T15:57:12","modified_gmt":"2023-07-04T13:57:12","slug":"tour-gastronomico-lyon","status":"publish","type":"product","link":"https:\/\/www.guideline-fr.com\/fr\/produit\/tour-gastronomico-lyon\/","title":{"rendered":"Tour Biling\u00fce Corcho\/Bouchon"},"content":{"rendered":"<p>\u00a1Disfruta de un <strong>tour biling\u00fce en Lyon<\/strong> que combina la comodidad de un gu\u00eda en espa\u00f1ol y la oportunidad de practicar y mejorar tus habilidades en franc\u00e9s! Te ofrecemos una experiencia de gourmand en la que puedes disfrutar plenamente de la gastronom\u00eda de la ciudad mientras te sumerges en el idioma y la cultura local.<\/p>\n<p>Durante el tour, nuestros gu\u00edas no solo te proporcionar\u00e1n informaci\u00f3n sobre <strong>la gastronom\u00eda de Lyon<\/strong>, sino que tambi\u00e9n te sumergir\u00e1n en la cultura y las tradiciones locales. Aprender\u00e1s expresiones y frases \u00fatiles en franc\u00e9s que podr\u00e1s practicar en situaciones cotidianas. Esto te permitir\u00e1 tener una experiencia m\u00e1s enriquecedora y te ayudar\u00e1 a desenvolverte mejor en el idioma.<\/p>\n<p>Se te animar\u00e1 a participar activamente y practicar tus habilidades ling\u00fc\u00edsticas. Se organizar\u00e1n actividades interactivas que fomenten la conversaci\u00f3n en ambos idiomas, permiti\u00e9ndote <strong>practicar y mejorar tu capacidad de comunicarte<\/strong> tanto en espa\u00f1ol como <strong>en franc\u00e9s<\/strong>. Esto te brindar\u00e1 confianza y te ayudar\u00e1 a sentirte m\u00e1s c\u00f3modo al hablar en un entorno biling\u00fce.<\/p>","protected":false},"excerpt":{"rendered":"<p>Precio por persona. 1h<\/p>","protected":false},"featured_media":158,"template":"","meta":{"_et_pb_use_builder":"","_et_pb_old_content":"","_et_gb_content_width":""},"product_cat":[33],"product_tag":[],"yoast_head":"<!-- This site is optimized with the Yoast SEO plugin v21.9.1 - https:\/\/yoast.com\/wordpress\/plugins\/seo\/ -->\n<title>Tour Biling\u00fce Corcho\/Bouchon - Guide Line<\/title>\n<meta name=\"description\" content=\"Tour Gastron\u00f3mico en Lyon, te brindar\u00e1 una experiencia completa en la que podr\u00e1s disfrutar de la gastronomia de la ciudad de Lyon\" \/>\n<meta name=\"robots\" content=\"index, follow, max-snippet:-1, max-image-preview:large, max-video-preview:-1\" \/>\n<link rel=\"canonical\" href=\"https:\/\/www.guideline-fr.com\/fr\/produit\/tour-gastronomico-lyon\/\" \/>\n<meta property=\"og:locale\" content=\"fr_FR\" \/>\n<meta property=\"og:type\" content=\"article\" \/>\n<meta property=\"og:title\" content=\"Tour Biling\u00fce Corcho\/Bouchon - Guide Line\" \/>\n<meta property=\"og:description\" content=\"Tour Gastron\u00f3mico en Lyon, te brindar\u00e1 una experiencia completa en la que podr\u00e1s disfrutar de la gastronomia de la ciudad de Lyon\" \/>\n<meta property=\"og:url\" content=\"https:\/\/www.guideline-fr.com\/fr\/produit\/tour-gastronomico-lyon\/\" \/>\n<meta property=\"og:site_name\" content=\"Guide Line\" \/>\n<meta property=\"article:modified_time\" content=\"2023-07-04T13:57:12+00:00\" \/>\n<meta property=\"og:image\" content=\"https:\/\/www.guideline-fr.com\/wp-content\/uploads\/2022\/12\/Gastronomie.png\" \/>\n\t<meta property=\"og:image:width\" content=\"500\" \/>\n\t<meta property=\"og:image:height\" content=\"500\" \/>\n\t<meta property=\"og:image:type\" content=\"image\/png\" \/>\n<meta name=\"twitter:card\" content=\"summary_large_image\" \/>\n<meta name=\"twitter:label1\" content=\"Dur\u00e9e de lecture estim\u00e9e\" \/>\n\t<meta name=\"twitter:data1\" content=\"1 minute\" \/>\n<script type=\"application\/ld+json\" class=\"yoast-schema-graph\">{\"@context\":\"https:\/\/schema.org\",\"@graph\":[{\"@type\":\"WebPage\",\"@id\":\"https:\/\/www.guideline-fr.com\/producto\/tour-gastronomico-lyon\/\",\"url\":\"https:\/\/www.guideline-fr.com\/producto\/tour-gastronomico-lyon\/\",\"name\":\"Tour Biling\u00fce Corcho\/Bouchon - Guide Line\",\"isPartOf\":{\"@id\":\"https:\/\/www.guideline-fr.com\/fr\/#website\"},\"datePublished\":\"2022-12-21T06:47:53+00:00\",\"dateModified\":\"2023-07-04T13:57:12+00:00\",\"description\":\"Tour Gastron\u00f3mico en Lyon, te brindar\u00e1 una experiencia completa en la que podr\u00e1s disfrutar de la gastronomia de la ciudad de Lyon\",\"breadcrumb\":{\"@id\":\"https:\/\/www.guideline-fr.com\/producto\/tour-gastronomico-lyon\/#breadcrumb\"},\"inLanguage\":\"fr-FR\",\"potentialAction\":[{\"@type\":\"ReadAction\",\"target\":[\"https:\/\/www.guideline-fr.com\/producto\/tour-gastronomico-lyon\/\"]}]},{\"@type\":\"BreadcrumbList\",\"@id\":\"https:\/\/www.guideline-fr.com\/producto\/tour-gastronomico-lyon\/#breadcrumb\",\"itemListElement\":[{\"@type\":\"ListItem\",\"position\":1,\"name\":\"Portada\",\"item\":\"https:\/\/www.guideline-fr.com\/\"},{\"@type\":\"ListItem\",\"position\":2,\"name\":\"Tienda\",\"item\":\"https:\/\/www.guideline-fr.com\/fr\/tienda\/\"},{\"@type\":\"ListItem\",\"position\":3,\"name\":\"Tour Biling\u00fce Corcho\/Bouchon\"}]},{\"@type\":\"WebSite\",\"@id\":\"https:\/\/www.guideline-fr.com\/fr\/#website\",\"url\":\"https:\/\/www.guideline-fr.com\/fr\/\",\"name\":\"Guide Line\",\"description\":\"No ofrecemos tours, ofrecemos experiencias\",\"potentialAction\":[{\"@type\":\"SearchAction\",\"target\":{\"@type\":\"EntryPoint\",\"urlTemplate\":\"https:\/\/www.guideline-fr.com\/fr\/?s={search_term_string}\"},\"query-input\":\"required name=search_term_string\"}],\"inLanguage\":\"fr-FR\"}]}<\/script>\n<!-- \/ Yoast SEO plugin. -->","yoast_head_json":{"title":"Tour Biling\u00fce Corcho\/Bouchon - Guide Line","description":"Tour Gastron\u00f3mico en Lyon, te brindar\u00e1 una experiencia completa en la que podr\u00e1s disfrutar de la gastronomia de la ciudad de Lyon","robots":{"index":"index","follow":"follow","max-snippet":"max-snippet:-1","max-image-preview":"max-image-preview:large","max-video-preview":"max-video-preview:-1"},"canonical":"https:\/\/www.guideline-fr.com\/fr\/produit\/tour-gastronomico-lyon\/","og_locale":"fr_FR","og_type":"article","og_title":"Tour Biling\u00fce Corcho\/Bouchon - Guide Line","og_description":"Tour Gastron\u00f3mico en Lyon, te brindar\u00e1 una experiencia completa en la que podr\u00e1s disfrutar de la gastronomia de la ciudad de Lyon","og_url":"https:\/\/www.guideline-fr.com\/fr\/produit\/tour-gastronomico-lyon\/","og_site_name":"Guide Line","article_modified_time":"2023-07-04T13:57:12+00:00","og_image":[{"width":500,"height":500,"url":"https:\/\/www.guideline-fr.com\/wp-content\/uploads\/2022\/12\/Gastronomie.png","type":"image\/png"}],"twitter_card":"summary_large_image","twitter_misc":{"Dur\u00e9e de lecture estim\u00e9e":"1 minute"},"schema":{"@context":"https:\/\/schema.org","@graph":[{"@type":"WebPage","@id":"https:\/\/www.guideline-fr.com\/producto\/tour-gastronomico-lyon\/","url":"https:\/\/www.guideline-fr.com\/producto\/tour-gastronomico-lyon\/","name":"Tour Biling\u00fce Corcho\/Bouchon - Guide Line","isPartOf":{"@id":"https:\/\/www.guideline-fr.com\/fr\/#website"},"datePublished":"2022-12-21T06:47:53+00:00","dateModified":"2023-07-04T13:57:12+00:00","description":"Tour Gastron\u00f3mico en Lyon, te brindar\u00e1 una experiencia completa en la que podr\u00e1s disfrutar de la gastronomia de la ciudad de Lyon","breadcrumb":{"@id":"https:\/\/www.guideline-fr.com\/producto\/tour-gastronomico-lyon\/#breadcrumb"},"inLanguage":"fr-FR","potentialAction":[{"@type":"ReadAction","target":["https:\/\/www.guideline-fr.com\/producto\/tour-gastronomico-lyon\/"]}]},{"@type":"BreadcrumbList","@id":"https:\/\/www.guideline-fr.com\/producto\/tour-gastronomico-lyon\/#breadcrumb","itemListElement":[{"@type":"ListItem","position":1,"name":"Portada","item":"https:\/\/www.guideline-fr.com\/"},{"@type":"ListItem","position":2,"name":"Tienda","item":"https:\/\/www.guideline-fr.com\/fr\/tienda\/"},{"@type":"ListItem","position":3,"name":"Tour Biling\u00fce Corcho\/Bouchon"}]},{"@type":"WebSite","@id":"https:\/\/www.guideline-fr.com\/fr\/#website","url":"https:\/\/www.guideline-fr.com\/fr\/","name":"Guide Line","description":"No ofrecemos tours, ofrecemos experiencias","potentialAction":[{"@type":"SearchAction","target":{"@type":"EntryPoint","urlTemplate":"https:\/\/www.guideline-fr.com\/fr\/?s={search_term_string}"},"query-input":"required name=search_term_string"}],"inLanguage":"fr-FR"}]}},"_links":{"self":[{"href":"https:\/\/www.guideline-fr.com\/fr\/wp-json\/wp\/v2\/product\/234"}],"collection":[{"href":"https:\/\/www.guideline-fr.com\/fr\/wp-json\/wp\/v2\/product"}],"about":[{"href":"https:\/\/www.guideline-fr.com\/fr\/wp-json\/wp\/v2\/types\/product"}],"wp:featuredmedia":[{"embeddable":true,"href":"https:\/\/www.guideline-fr.com\/fr\/wp-json\/wp\/v2\/media\/158"}],"wp:attachment":[{"href":"https:\/\/www.guideline-fr.com\/fr\/wp-json\/wp\/v2\/media?parent=234"}],"wp:term":[{"taxonomy":"product_cat","embeddable":true,"href":"https:\/\/www.guideline-fr.com\/fr\/wp-json\/wp\/v2\/product_cat?post=234"},{"taxonomy":"product_tag","embeddable":true,"href":"https:\/\/www.guideline-fr.com\/fr\/wp-json\/wp\/v2\/product_tag?post=234"}],"curies":[{"name":"wp","href":"https:\/\/api.w.org\/{rel}","templated":true}]}}