{"id":230,"date":"2022-12-21T07:47:52","date_gmt":"2022-12-21T06:47:52","guid":{"rendered":"https:\/\/www.guideline-fr.com\/producto\/visita-muralismo-y-frescos\/"},"modified":"2024-01-21T12:03:37","modified_gmt":"2024-01-21T11:03:37","slug":"visita-murales-y-frescos-lyon","status":"publish","type":"product","link":"https:\/\/www.guideline-fr.com\/fr\/produit\/visita-murales-y-frescos-lyon\/","title":{"rendered":"Visite Murs Peints et Fresques \u00e0 Lyon"},"content":{"rendered":"<p>La tradici\u00f3n del fresco mural en Lyon tiene un fuerte lazo con la corriente muralista mexicana.<\/p>\n<p>Durante dos horas, <strong>visitaremos el 7mo y el 8vo distrito de la ciudad de Lyon<\/strong>, con la finalidad de descubrir la luz existente de dos naciones. Un gu\u00eda local te llevar\u00e1 y te explicar\u00e1 algunos de los frescos ubicados en la ciudad de Lyon:<\/p>\n<p>Primero, nos encontraremos enfrente del\u00a0<strong><em>fresco homenaje a Diego Rivera<\/em><\/strong>. Rivera es un pintor c\u00e9lebre de M\u00e9xico, y el objetivo es compartirles las razones.<\/p>\n<p>En camino a la estaci\u00f3n Jean Jaur\u00e8s para admirar el trabajo de Cit\u00e9Cr\u00e9ation. Mirando\u00a0<strong><em>el Fresco de Luces<\/em><\/strong>, evocaremos el pasaje a la Ciudad de M\u00e9xico que ha inspirado a los fundadores de Cit\u00e9Cr\u00e9ation.<\/p>\n<p>Finalizamos enfrente del fresco de\u00a0<em><strong>la Ciudad ideal de M\u00e9xico,<\/strong><\/em>\u00a0donde esperamos que hayan viajado, estando en la ciudad de Lyon.<\/p>","protected":false},"excerpt":{"rendered":"<p><strong>Precio comercial 120 euros por grupos de 2 a 4 personas<\/strong><\/p>","protected":false},"featured_media":517,"template":"","meta":{"_et_pb_use_builder":"","_et_pb_old_content":"","_et_gb_content_width":""},"product_cat":[33],"product_tag":[],"yoast_head":"<!-- This site is optimized with the Yoast SEO plugin v21.9.1 - https:\/\/yoast.com\/wordpress\/plugins\/seo\/ -->\n<title>Visita Murales y Frescos Lyon - Guide Line<\/title>\n<meta name=\"description\" content=\"Visitaremos el 7mo y el 8vo distrito de la ciudad de Lyon. Nos encontraremos enfrente del\u00a0fresco homenaje a Diego Rivera. Veremos diferentes muros pintados.\" \/>\n<meta name=\"robots\" content=\"index, follow, max-snippet:-1, max-image-preview:large, max-video-preview:-1\" \/>\n<link rel=\"canonical\" href=\"https:\/\/www.guideline-fr.com\/fr\/produit\/visita-murales-y-frescos-lyon\/\" \/>\n<meta property=\"og:locale\" content=\"fr_FR\" \/>\n<meta property=\"og:type\" content=\"article\" \/>\n<meta property=\"og:title\" content=\"Visita Murales y Frescos Lyon - Guide Line\" \/>\n<meta property=\"og:description\" content=\"Visitaremos el 7mo y el 8vo distrito de la ciudad de Lyon. Nos encontraremos enfrente del\u00a0fresco homenaje a Diego Rivera. Veremos diferentes muros pintados.\" \/>\n<meta property=\"og:url\" content=\"https:\/\/www.guideline-fr.com\/fr\/produit\/visita-murales-y-frescos-lyon\/\" \/>\n<meta property=\"og:site_name\" content=\"Guide Line\" \/>\n<meta property=\"article:modified_time\" content=\"2024-01-21T11:03:37+00:00\" \/>\n<meta property=\"og:image\" content=\"https:\/\/www.guideline-fr.com\/wp-content\/uploads\/2022\/12\/g12.png\" \/>\n\t<meta property=\"og:image:width\" content=\"571\" \/>\n\t<meta property=\"og:image:height\" content=\"524\" \/>\n\t<meta property=\"og:image:type\" content=\"image\/png\" \/>\n<meta name=\"twitter:card\" content=\"summary_large_image\" \/>\n<meta name=\"twitter:label1\" content=\"Dur\u00e9e de lecture estim\u00e9e\" \/>\n\t<meta name=\"twitter:data1\" content=\"1 minute\" \/>\n<script type=\"application\/ld+json\" class=\"yoast-schema-graph\">{\"@context\":\"https:\/\/schema.org\",\"@graph\":[{\"@type\":\"WebPage\",\"@id\":\"https:\/\/www.guideline-fr.com\/producto\/visita-murales-y-frescos-lyon\/\",\"url\":\"https:\/\/www.guideline-fr.com\/producto\/visita-murales-y-frescos-lyon\/\",\"name\":\"Visita Murales y Frescos Lyon - Guide Line\",\"isPartOf\":{\"@id\":\"https:\/\/www.guideline-fr.com\/fr\/#website\"},\"datePublished\":\"2022-12-21T06:47:52+00:00\",\"dateModified\":\"2024-01-21T11:03:37+00:00\",\"description\":\"Visitaremos el 7mo y el 8vo distrito de la ciudad de Lyon. Nos encontraremos enfrente del\u00a0fresco homenaje a Diego Rivera. Veremos diferentes muros pintados.\",\"breadcrumb\":{\"@id\":\"https:\/\/www.guideline-fr.com\/producto\/visita-murales-y-frescos-lyon\/#breadcrumb\"},\"inLanguage\":\"fr-FR\",\"potentialAction\":[{\"@type\":\"ReadAction\",\"target\":[\"https:\/\/www.guideline-fr.com\/producto\/visita-murales-y-frescos-lyon\/\"]}]},{\"@type\":\"BreadcrumbList\",\"@id\":\"https:\/\/www.guideline-fr.com\/producto\/visita-murales-y-frescos-lyon\/#breadcrumb\",\"itemListElement\":[{\"@type\":\"ListItem\",\"position\":1,\"name\":\"Portada\",\"item\":\"https:\/\/www.guideline-fr.com\/\"},{\"@type\":\"ListItem\",\"position\":2,\"name\":\"Tienda\",\"item\":\"https:\/\/www.guideline-fr.com\/fr\/tienda\/\"},{\"@type\":\"ListItem\",\"position\":3,\"name\":\"Visita Murales y Frescos Lyon\"}]},{\"@type\":\"WebSite\",\"@id\":\"https:\/\/www.guideline-fr.com\/fr\/#website\",\"url\":\"https:\/\/www.guideline-fr.com\/fr\/\",\"name\":\"Guide Line\",\"description\":\"No ofrecemos tours, ofrecemos experiencias\",\"potentialAction\":[{\"@type\":\"SearchAction\",\"target\":{\"@type\":\"EntryPoint\",\"urlTemplate\":\"https:\/\/www.guideline-fr.com\/fr\/?s={search_term_string}\"},\"query-input\":\"required name=search_term_string\"}],\"inLanguage\":\"fr-FR\"}]}<\/script>\n<!-- \/ Yoast SEO plugin. -->","yoast_head_json":{"title":"Visita Murales y Frescos Lyon - Guide Line","description":"Visitaremos el 7mo y el 8vo distrito de la ciudad de Lyon. Nos encontraremos enfrente del\u00a0fresco homenaje a Diego Rivera. Veremos diferentes muros pintados.","robots":{"index":"index","follow":"follow","max-snippet":"max-snippet:-1","max-image-preview":"max-image-preview:large","max-video-preview":"max-video-preview:-1"},"canonical":"https:\/\/www.guideline-fr.com\/fr\/produit\/visita-murales-y-frescos-lyon\/","og_locale":"fr_FR","og_type":"article","og_title":"Visita Murales y Frescos Lyon - Guide Line","og_description":"Visitaremos el 7mo y el 8vo distrito de la ciudad de Lyon. Nos encontraremos enfrente del\u00a0fresco homenaje a Diego Rivera. Veremos diferentes muros pintados.","og_url":"https:\/\/www.guideline-fr.com\/fr\/produit\/visita-murales-y-frescos-lyon\/","og_site_name":"Guide Line","article_modified_time":"2024-01-21T11:03:37+00:00","og_image":[{"width":571,"height":524,"url":"https:\/\/www.guideline-fr.com\/wp-content\/uploads\/2022\/12\/g12.png","type":"image\/png"}],"twitter_card":"summary_large_image","twitter_misc":{"Dur\u00e9e de lecture estim\u00e9e":"1 minute"},"schema":{"@context":"https:\/\/schema.org","@graph":[{"@type":"WebPage","@id":"https:\/\/www.guideline-fr.com\/producto\/visita-murales-y-frescos-lyon\/","url":"https:\/\/www.guideline-fr.com\/producto\/visita-murales-y-frescos-lyon\/","name":"Visita Murales y Frescos Lyon - Guide Line","isPartOf":{"@id":"https:\/\/www.guideline-fr.com\/fr\/#website"},"datePublished":"2022-12-21T06:47:52+00:00","dateModified":"2024-01-21T11:03:37+00:00","description":"Visitaremos el 7mo y el 8vo distrito de la ciudad de Lyon. Nos encontraremos enfrente del\u00a0fresco homenaje a Diego Rivera. Veremos diferentes muros pintados.","breadcrumb":{"@id":"https:\/\/www.guideline-fr.com\/producto\/visita-murales-y-frescos-lyon\/#breadcrumb"},"inLanguage":"fr-FR","potentialAction":[{"@type":"ReadAction","target":["https:\/\/www.guideline-fr.com\/producto\/visita-murales-y-frescos-lyon\/"]}]},{"@type":"BreadcrumbList","@id":"https:\/\/www.guideline-fr.com\/producto\/visita-murales-y-frescos-lyon\/#breadcrumb","itemListElement":[{"@type":"ListItem","position":1,"name":"Portada","item":"https:\/\/www.guideline-fr.com\/"},{"@type":"ListItem","position":2,"name":"Tienda","item":"https:\/\/www.guideline-fr.com\/fr\/tienda\/"},{"@type":"ListItem","position":3,"name":"Visita Murales y Frescos Lyon"}]},{"@type":"WebSite","@id":"https:\/\/www.guideline-fr.com\/fr\/#website","url":"https:\/\/www.guideline-fr.com\/fr\/","name":"Guide Line","description":"No ofrecemos tours, ofrecemos experiencias","potentialAction":[{"@type":"SearchAction","target":{"@type":"EntryPoint","urlTemplate":"https:\/\/www.guideline-fr.com\/fr\/?s={search_term_string}"},"query-input":"required name=search_term_string"}],"inLanguage":"fr-FR"}]}},"_links":{"self":[{"href":"https:\/\/www.guideline-fr.com\/fr\/wp-json\/wp\/v2\/product\/230"}],"collection":[{"href":"https:\/\/www.guideline-fr.com\/fr\/wp-json\/wp\/v2\/product"}],"about":[{"href":"https:\/\/www.guideline-fr.com\/fr\/wp-json\/wp\/v2\/types\/product"}],"wp:featuredmedia":[{"embeddable":true,"href":"https:\/\/www.guideline-fr.com\/fr\/wp-json\/wp\/v2\/media\/517"}],"wp:attachment":[{"href":"https:\/\/www.guideline-fr.com\/fr\/wp-json\/wp\/v2\/media?parent=230"}],"wp:term":[{"taxonomy":"product_cat","embeddable":true,"href":"https:\/\/www.guideline-fr.com\/fr\/wp-json\/wp\/v2\/product_cat?post=230"},{"taxonomy":"product_tag","embeddable":true,"href":"https:\/\/www.guideline-fr.com\/fr\/wp-json\/wp\/v2\/product_tag?post=230"}],"curies":[{"name":"wp","href":"https:\/\/api.w.org\/{rel}","templated":true}]}}