{"id":228,"date":"2022-12-21T07:47:52","date_gmt":"2022-12-21T06:47:52","guid":{"rendered":"https:\/\/www.guideline-fr.com\/producto\/arquitectour-contemporaneo\/"},"modified":"2024-01-21T12:08:49","modified_gmt":"2024-01-21T11:08:49","slug":"visita-confluencias-lyon-espanol","status":"publish","type":"product","link":"https:\/\/www.guideline-fr.com\/fr\/produit\/visita-confluencias-lyon-espanol\/","title":{"rendered":"Visita Barrio de Moda en Lyon"},"content":{"rendered":"<p>Lyon es conocida por su impresionante mezcla de estilos arquitect\u00f3nicos, y la arquitectura contempor\u00e1nea juega un papel destacado en su panorama urbano. Te llevaremos a recorrer los ejemplos de arquitectura contempor\u00e1nea en La Confluencia, el <strong>barrio de moda de la ciudad de <a href=\"https:\/\/www.onlylyon.com\/\">Lyon<\/a><\/strong>. <em>La confluencia<\/em> esta catalogado como el primer barrio ecol\u00f3gico de Francia.<\/p>\n<p>Acompa\u00f1ado de un arquitecto que te llevar\u00e1 a descubrir <strong>los edificios m\u00e1s emblem\u00e1ticos, <\/strong>dise\u00f1ados por reconocidos arquitectos contempor\u00e1neos, como la Duty House del arquitecto <strong>Jean-Michel WILMOTTE.<\/strong> O, el Museo de las Confluencias, una sorprendente estructura de cristal y metal ubicada en la confluencia de los r\u00edos R\u00f3dano y Saona.<\/p>\n<p>Nuestra propuesta incluye <a href=\"https:\/\/www.guideline-fr.com\/fr\/servicios\/particulares\/\"><strong>experiencias interactivas<\/strong><\/a> que te permitir\u00e1n apreciar de cerca los detalles y caracter\u00edsticas \u00fanicas de los edificios contempor\u00e1neos. Podr\u00e1s capturar fotograf\u00edas impresionantes, aprender sobre los materiales utilizados y entender c\u00f3mo estas obras arquitect\u00f3nicas impactan el paisaje urbano.<\/p>","protected":false},"excerpt":{"rendered":"<p>Precio por grupo de max. 4 personas. 2h30 de recorrido.<\/p>","protected":false},"featured_media":161,"template":"","meta":{"_et_pb_use_builder":"","_et_pb_old_content":"","_et_gb_content_width":""},"product_cat":[33],"product_tag":[],"yoast_head":"<!-- This site is optimized with the Yoast SEO plugin v21.9.1 - https:\/\/yoast.com\/wordpress\/plugins\/seo\/ -->\n<title>Visita Barrio de Moda en Lyon - Guide Line<\/title>\n<meta name=\"description\" content=\"Visita guiada en el barrio de la Confluence, en Espa\u00f1ol, donde en un paseo, conocer\u00e1s los ejemplos m\u00e1s remarcables de Arquitectura Contempor\u00e1nea en Lyon.\" \/>\n<meta name=\"robots\" content=\"index, follow, max-snippet:-1, max-image-preview:large, max-video-preview:-1\" \/>\n<link rel=\"canonical\" href=\"https:\/\/www.guideline-fr.com\/fr\/produit\/visita-confluencias-lyon-espanol\/\" \/>\n<meta property=\"og:locale\" content=\"fr_FR\" \/>\n<meta property=\"og:type\" content=\"article\" \/>\n<meta property=\"og:title\" content=\"Visita Barrio de Moda en Lyon - Guide Line\" \/>\n<meta property=\"og:description\" content=\"Visita guiada en el barrio de la Confluence, en Espa\u00f1ol, donde en un paseo, conocer\u00e1s los ejemplos m\u00e1s remarcables de Arquitectura Contempor\u00e1nea en Lyon.\" \/>\n<meta property=\"og:url\" content=\"https:\/\/www.guideline-fr.com\/fr\/produit\/visita-confluencias-lyon-espanol\/\" \/>\n<meta property=\"og:site_name\" content=\"Guide Line\" \/>\n<meta property=\"article:modified_time\" content=\"2024-01-21T11:08:49+00:00\" \/>\n<meta property=\"og:image\" content=\"https:\/\/www.guideline-fr.com\/wp-content\/uploads\/2022\/12\/Maison-contemporaine.png\" \/>\n\t<meta property=\"og:image:width\" content=\"500\" \/>\n\t<meta property=\"og:image:height\" content=\"500\" \/>\n\t<meta property=\"og:image:type\" content=\"image\/png\" \/>\n<meta name=\"twitter:card\" content=\"summary_large_image\" \/>\n<meta name=\"twitter:label1\" content=\"Dur\u00e9e de lecture estim\u00e9e\" \/>\n\t<meta name=\"twitter:data1\" content=\"1 minute\" \/>\n<script type=\"application\/ld+json\" class=\"yoast-schema-graph\">{\"@context\":\"https:\/\/schema.org\",\"@graph\":[{\"@type\":\"WebPage\",\"@id\":\"https:\/\/www.guideline-fr.com\/producto\/visita-confluencias-lyon-espanol\/\",\"url\":\"https:\/\/www.guideline-fr.com\/producto\/visita-confluencias-lyon-espanol\/\",\"name\":\"Visita Barrio de Moda en Lyon - Guide Line\",\"isPartOf\":{\"@id\":\"https:\/\/www.guideline-fr.com\/fr\/#website\"},\"datePublished\":\"2022-12-21T06:47:52+00:00\",\"dateModified\":\"2024-01-21T11:08:49+00:00\",\"description\":\"Visita guiada en el barrio de la Confluence, en Espa\u00f1ol, donde en un paseo, conocer\u00e1s los ejemplos m\u00e1s remarcables de Arquitectura Contempor\u00e1nea en Lyon.\",\"breadcrumb\":{\"@id\":\"https:\/\/www.guideline-fr.com\/producto\/visita-confluencias-lyon-espanol\/#breadcrumb\"},\"inLanguage\":\"fr-FR\",\"potentialAction\":[{\"@type\":\"ReadAction\",\"target\":[\"https:\/\/www.guideline-fr.com\/producto\/visita-confluencias-lyon-espanol\/\"]}]},{\"@type\":\"BreadcrumbList\",\"@id\":\"https:\/\/www.guideline-fr.com\/producto\/visita-confluencias-lyon-espanol\/#breadcrumb\",\"itemListElement\":[{\"@type\":\"ListItem\",\"position\":1,\"name\":\"Portada\",\"item\":\"https:\/\/www.guideline-fr.com\/\"},{\"@type\":\"ListItem\",\"position\":2,\"name\":\"Tienda\",\"item\":\"https:\/\/www.guideline-fr.com\/fr\/tienda\/\"},{\"@type\":\"ListItem\",\"position\":3,\"name\":\"Visita Barrio de Moda en Lyon\"}]},{\"@type\":\"WebSite\",\"@id\":\"https:\/\/www.guideline-fr.com\/fr\/#website\",\"url\":\"https:\/\/www.guideline-fr.com\/fr\/\",\"name\":\"Guide Line\",\"description\":\"No ofrecemos tours, ofrecemos experiencias\",\"potentialAction\":[{\"@type\":\"SearchAction\",\"target\":{\"@type\":\"EntryPoint\",\"urlTemplate\":\"https:\/\/www.guideline-fr.com\/fr\/?s={search_term_string}\"},\"query-input\":\"required name=search_term_string\"}],\"inLanguage\":\"fr-FR\"}]}<\/script>\n<!-- \/ Yoast SEO plugin. -->","yoast_head_json":{"title":"Visita Barrio de Moda en Lyon - Guide Line","description":"Visita guiada en el barrio de la Confluence, en Espa\u00f1ol, donde en un paseo, conocer\u00e1s los ejemplos m\u00e1s remarcables de Arquitectura Contempor\u00e1nea en Lyon.","robots":{"index":"index","follow":"follow","max-snippet":"max-snippet:-1","max-image-preview":"max-image-preview:large","max-video-preview":"max-video-preview:-1"},"canonical":"https:\/\/www.guideline-fr.com\/fr\/produit\/visita-confluencias-lyon-espanol\/","og_locale":"fr_FR","og_type":"article","og_title":"Visita Barrio de Moda en Lyon - Guide Line","og_description":"Visita guiada en el barrio de la Confluence, en Espa\u00f1ol, donde en un paseo, conocer\u00e1s los ejemplos m\u00e1s remarcables de Arquitectura Contempor\u00e1nea en Lyon.","og_url":"https:\/\/www.guideline-fr.com\/fr\/produit\/visita-confluencias-lyon-espanol\/","og_site_name":"Guide Line","article_modified_time":"2024-01-21T11:08:49+00:00","og_image":[{"width":500,"height":500,"url":"https:\/\/www.guideline-fr.com\/wp-content\/uploads\/2022\/12\/Maison-contemporaine.png","type":"image\/png"}],"twitter_card":"summary_large_image","twitter_misc":{"Dur\u00e9e de lecture estim\u00e9e":"1 minute"},"schema":{"@context":"https:\/\/schema.org","@graph":[{"@type":"WebPage","@id":"https:\/\/www.guideline-fr.com\/producto\/visita-confluencias-lyon-espanol\/","url":"https:\/\/www.guideline-fr.com\/producto\/visita-confluencias-lyon-espanol\/","name":"Visita Barrio de Moda en Lyon - Guide Line","isPartOf":{"@id":"https:\/\/www.guideline-fr.com\/fr\/#website"},"datePublished":"2022-12-21T06:47:52+00:00","dateModified":"2024-01-21T11:08:49+00:00","description":"Visita guiada en el barrio de la Confluence, en Espa\u00f1ol, donde en un paseo, conocer\u00e1s los ejemplos m\u00e1s remarcables de Arquitectura Contempor\u00e1nea en Lyon.","breadcrumb":{"@id":"https:\/\/www.guideline-fr.com\/producto\/visita-confluencias-lyon-espanol\/#breadcrumb"},"inLanguage":"fr-FR","potentialAction":[{"@type":"ReadAction","target":["https:\/\/www.guideline-fr.com\/producto\/visita-confluencias-lyon-espanol\/"]}]},{"@type":"BreadcrumbList","@id":"https:\/\/www.guideline-fr.com\/producto\/visita-confluencias-lyon-espanol\/#breadcrumb","itemListElement":[{"@type":"ListItem","position":1,"name":"Portada","item":"https:\/\/www.guideline-fr.com\/"},{"@type":"ListItem","position":2,"name":"Tienda","item":"https:\/\/www.guideline-fr.com\/fr\/tienda\/"},{"@type":"ListItem","position":3,"name":"Visita Barrio de Moda en Lyon"}]},{"@type":"WebSite","@id":"https:\/\/www.guideline-fr.com\/fr\/#website","url":"https:\/\/www.guideline-fr.com\/fr\/","name":"Guide Line","description":"No ofrecemos tours, ofrecemos experiencias","potentialAction":[{"@type":"SearchAction","target":{"@type":"EntryPoint","urlTemplate":"https:\/\/www.guideline-fr.com\/fr\/?s={search_term_string}"},"query-input":"required name=search_term_string"}],"inLanguage":"fr-FR"}]}},"_links":{"self":[{"href":"https:\/\/www.guideline-fr.com\/fr\/wp-json\/wp\/v2\/product\/228"}],"collection":[{"href":"https:\/\/www.guideline-fr.com\/fr\/wp-json\/wp\/v2\/product"}],"about":[{"href":"https:\/\/www.guideline-fr.com\/fr\/wp-json\/wp\/v2\/types\/product"}],"wp:featuredmedia":[{"embeddable":true,"href":"https:\/\/www.guideline-fr.com\/fr\/wp-json\/wp\/v2\/media\/161"}],"wp:attachment":[{"href":"https:\/\/www.guideline-fr.com\/fr\/wp-json\/wp\/v2\/media?parent=228"}],"wp:term":[{"taxonomy":"product_cat","embeddable":true,"href":"https:\/\/www.guideline-fr.com\/fr\/wp-json\/wp\/v2\/product_cat?post=228"},{"taxonomy":"product_tag","embeddable":true,"href":"https:\/\/www.guideline-fr.com\/fr\/wp-json\/wp\/v2\/product_tag?post=228"}],"curies":[{"name":"wp","href":"https:\/\/api.w.org\/{rel}","templated":true}]}}