{"id":227,"date":"2022-12-21T07:47:51","date_gmt":"2022-12-21T06:47:51","guid":{"rendered":"https:\/\/www.guideline-fr.com\/producto\/arquitectour-bohemio\/"},"modified":"2024-01-21T12:11:27","modified_gmt":"2024-01-21T11:11:27","slug":"visita-guiada-croix-rousse-lyon-en-espanol","status":"publish","type":"product","link":"https:\/\/www.guideline-fr.com\/fr\/produit\/visita-guiada-croix-rousse-lyon-en-espanol\/","title":{"rendered":"Visita el Barrio Alternativo de Lyon"},"content":{"rendered":"<p>\u00a1Sum\u00e9rgete en la historia y tradiciones locales! A trav\u00e9s de esta <strong>Visita Guiada en Espa\u00f1ol de Lyon<\/strong>, te llevaremos a explorar el <strong>barrio de la Croix-Rousse<\/strong>, uno de los barrios hist\u00f3ricos de Lyon, donde podr\u00e1s descubrir la arquitectura popular que ha perdurado a lo largo de dos siglos.<\/p>\n<p><strong>La arquitectura singular del barrio de la Croix-Rousse<\/strong>, que refleja la historia de los trabajadores de la seda que vivieron en esta zona en el pasado. Durante esta experiencia, te guiaremos a trav\u00e9s de sus estrechas calles empedradas y te mostraremos <strong>los traboules<\/strong>, <em><strong>&#8220;pasajes secretos de Lyon&#8221;<\/strong><\/em> que conectan los edificios y que son emblem\u00e1ticos de la arquitectura de la zona. Podr\u00e1s admirar las fachadas de las antiguas f\u00e1bricas de seda y los edificios residenciales \u00fanicos.<\/p>\n<p>Acompa\u00f1ado de un arquitecto te llevaremos a los<strong> miradores m\u00e1s destacados de Lyon<\/strong>, en esta colina, donde podr\u00e1s contemplar la ciudad y disfrutar de las vistas espectaculares de los tejados y <strong>monumentos ic\u00f3nicos de Lyon<\/strong>.<\/p>","protected":false},"excerpt":{"rendered":"<p>Precio por grupo de max. 4 personas. 2h30 de recorrido.<\/p>","protected":false},"featured_media":153,"template":"","meta":{"_et_pb_use_builder":"off","_et_pb_old_content":"4582 es el numero de escalones que hay en la colina ubicada al norte de la ciudad de Lyon. En esta experiencia, bajaremos por las escaleras de la colina de la \"Cruz Rojiza\".n\r\nAcompa\u00f1ado de un arquitecto local, descubrir\u00e1s la historia, las costumbres y <b>la arquitectura del barrio bohemio de la ciudad de Lyon.<\/b>","_et_gb_content_width":""},"product_cat":[33],"product_tag":[],"yoast_head":"<!-- This site is optimized with the Yoast SEO plugin v21.9.1 - https:\/\/yoast.com\/wordpress\/plugins\/seo\/ -->\n<title>Visita el Barrio Alternativo de Lyon - Guide Line<\/title>\n<meta name=\"description\" content=\"Descubre el barrio de la seda a trav\u00e9s de estas VISITAS GUIADAS en Espa\u00f1ol de la ciudad LYON. Te aseguramos una experiencia inolvidable en la Croix-Rousse\" \/>\n<meta name=\"robots\" content=\"index, follow, max-snippet:-1, max-image-preview:large, max-video-preview:-1\" \/>\n<link rel=\"canonical\" href=\"https:\/\/www.guideline-fr.com\/fr\/produit\/visita-guiada-croix-rousse-lyon-en-espanol\/\" \/>\n<meta property=\"og:locale\" content=\"fr_FR\" \/>\n<meta property=\"og:type\" content=\"article\" \/>\n<meta property=\"og:title\" content=\"Visita el Barrio Alternativo de Lyon - Guide Line\" \/>\n<meta property=\"og:description\" content=\"Descubre el barrio de la seda a trav\u00e9s de estas VISITAS GUIADAS en Espa\u00f1ol de la ciudad LYON. Te aseguramos una experiencia inolvidable en la Croix-Rousse\" \/>\n<meta property=\"og:url\" content=\"https:\/\/www.guideline-fr.com\/fr\/produit\/visita-guiada-croix-rousse-lyon-en-espanol\/\" \/>\n<meta property=\"og:site_name\" content=\"Guide Line\" \/>\n<meta property=\"article:modified_time\" content=\"2024-01-21T11:11:27+00:00\" \/>\n<meta property=\"og:image\" content=\"https:\/\/www.guideline-fr.com\/wp-content\/uploads\/2022\/12\/Croix-rousse.png\" \/>\n\t<meta property=\"og:image:width\" content=\"500\" \/>\n\t<meta property=\"og:image:height\" content=\"500\" \/>\n\t<meta property=\"og:image:type\" content=\"image\/png\" \/>\n<meta name=\"twitter:card\" content=\"summary_large_image\" \/>\n<meta name=\"twitter:label1\" content=\"Dur\u00e9e de lecture estim\u00e9e\" \/>\n\t<meta name=\"twitter:data1\" content=\"1 minute\" \/>\n<script type=\"application\/ld+json\" class=\"yoast-schema-graph\">{\"@context\":\"https:\/\/schema.org\",\"@graph\":[{\"@type\":\"WebPage\",\"@id\":\"https:\/\/www.guideline-fr.com\/producto\/visita-guiada-croix-rousse-lyon-en-espanol\/\",\"url\":\"https:\/\/www.guideline-fr.com\/producto\/visita-guiada-croix-rousse-lyon-en-espanol\/\",\"name\":\"Visita el Barrio Alternativo de Lyon - Guide Line\",\"isPartOf\":{\"@id\":\"https:\/\/www.guideline-fr.com\/fr\/#website\"},\"datePublished\":\"2022-12-21T06:47:51+00:00\",\"dateModified\":\"2024-01-21T11:11:27+00:00\",\"description\":\"Descubre el barrio de la seda a trav\u00e9s de estas VISITAS GUIADAS en Espa\u00f1ol de la ciudad LYON. Te aseguramos una experiencia inolvidable en la Croix-Rousse\",\"breadcrumb\":{\"@id\":\"https:\/\/www.guideline-fr.com\/producto\/visita-guiada-croix-rousse-lyon-en-espanol\/#breadcrumb\"},\"inLanguage\":\"fr-FR\",\"potentialAction\":[{\"@type\":\"ReadAction\",\"target\":[\"https:\/\/www.guideline-fr.com\/producto\/visita-guiada-croix-rousse-lyon-en-espanol\/\"]}]},{\"@type\":\"BreadcrumbList\",\"@id\":\"https:\/\/www.guideline-fr.com\/producto\/visita-guiada-croix-rousse-lyon-en-espanol\/#breadcrumb\",\"itemListElement\":[{\"@type\":\"ListItem\",\"position\":1,\"name\":\"Portada\",\"item\":\"https:\/\/www.guideline-fr.com\/\"},{\"@type\":\"ListItem\",\"position\":2,\"name\":\"Tienda\",\"item\":\"https:\/\/www.guideline-fr.com\/fr\/tienda\/\"},{\"@type\":\"ListItem\",\"position\":3,\"name\":\"Visita el Barrio Alternativo de Lyon\"}]},{\"@type\":\"WebSite\",\"@id\":\"https:\/\/www.guideline-fr.com\/fr\/#website\",\"url\":\"https:\/\/www.guideline-fr.com\/fr\/\",\"name\":\"Guide Line\",\"description\":\"No ofrecemos tours, ofrecemos experiencias\",\"potentialAction\":[{\"@type\":\"SearchAction\",\"target\":{\"@type\":\"EntryPoint\",\"urlTemplate\":\"https:\/\/www.guideline-fr.com\/fr\/?s={search_term_string}\"},\"query-input\":\"required name=search_term_string\"}],\"inLanguage\":\"fr-FR\"}]}<\/script>\n<!-- \/ Yoast SEO plugin. -->","yoast_head_json":{"title":"Visita el Barrio Alternativo de Lyon - Guide Line","description":"Descubre el barrio de la seda a trav\u00e9s de estas VISITAS GUIADAS en Espa\u00f1ol de la ciudad LYON. Te aseguramos una experiencia inolvidable en la Croix-Rousse","robots":{"index":"index","follow":"follow","max-snippet":"max-snippet:-1","max-image-preview":"max-image-preview:large","max-video-preview":"max-video-preview:-1"},"canonical":"https:\/\/www.guideline-fr.com\/fr\/produit\/visita-guiada-croix-rousse-lyon-en-espanol\/","og_locale":"fr_FR","og_type":"article","og_title":"Visita el Barrio Alternativo de Lyon - Guide Line","og_description":"Descubre el barrio de la seda a trav\u00e9s de estas VISITAS GUIADAS en Espa\u00f1ol de la ciudad LYON. Te aseguramos una experiencia inolvidable en la Croix-Rousse","og_url":"https:\/\/www.guideline-fr.com\/fr\/produit\/visita-guiada-croix-rousse-lyon-en-espanol\/","og_site_name":"Guide Line","article_modified_time":"2024-01-21T11:11:27+00:00","og_image":[{"width":500,"height":500,"url":"https:\/\/www.guideline-fr.com\/wp-content\/uploads\/2022\/12\/Croix-rousse.png","type":"image\/png"}],"twitter_card":"summary_large_image","twitter_misc":{"Dur\u00e9e de lecture estim\u00e9e":"1 minute"},"schema":{"@context":"https:\/\/schema.org","@graph":[{"@type":"WebPage","@id":"https:\/\/www.guideline-fr.com\/producto\/visita-guiada-croix-rousse-lyon-en-espanol\/","url":"https:\/\/www.guideline-fr.com\/producto\/visita-guiada-croix-rousse-lyon-en-espanol\/","name":"Visita el Barrio Alternativo de Lyon - Guide Line","isPartOf":{"@id":"https:\/\/www.guideline-fr.com\/fr\/#website"},"datePublished":"2022-12-21T06:47:51+00:00","dateModified":"2024-01-21T11:11:27+00:00","description":"Descubre el barrio de la seda a trav\u00e9s de estas VISITAS GUIADAS en Espa\u00f1ol de la ciudad LYON. Te aseguramos una experiencia inolvidable en la Croix-Rousse","breadcrumb":{"@id":"https:\/\/www.guideline-fr.com\/producto\/visita-guiada-croix-rousse-lyon-en-espanol\/#breadcrumb"},"inLanguage":"fr-FR","potentialAction":[{"@type":"ReadAction","target":["https:\/\/www.guideline-fr.com\/producto\/visita-guiada-croix-rousse-lyon-en-espanol\/"]}]},{"@type":"BreadcrumbList","@id":"https:\/\/www.guideline-fr.com\/producto\/visita-guiada-croix-rousse-lyon-en-espanol\/#breadcrumb","itemListElement":[{"@type":"ListItem","position":1,"name":"Portada","item":"https:\/\/www.guideline-fr.com\/"},{"@type":"ListItem","position":2,"name":"Tienda","item":"https:\/\/www.guideline-fr.com\/fr\/tienda\/"},{"@type":"ListItem","position":3,"name":"Visita el Barrio Alternativo de Lyon"}]},{"@type":"WebSite","@id":"https:\/\/www.guideline-fr.com\/fr\/#website","url":"https:\/\/www.guideline-fr.com\/fr\/","name":"Guide Line","description":"No ofrecemos tours, ofrecemos experiencias","potentialAction":[{"@type":"SearchAction","target":{"@type":"EntryPoint","urlTemplate":"https:\/\/www.guideline-fr.com\/fr\/?s={search_term_string}"},"query-input":"required name=search_term_string"}],"inLanguage":"fr-FR"}]}},"_links":{"self":[{"href":"https:\/\/www.guideline-fr.com\/fr\/wp-json\/wp\/v2\/product\/227"}],"collection":[{"href":"https:\/\/www.guideline-fr.com\/fr\/wp-json\/wp\/v2\/product"}],"about":[{"href":"https:\/\/www.guideline-fr.com\/fr\/wp-json\/wp\/v2\/types\/product"}],"wp:featuredmedia":[{"embeddable":true,"href":"https:\/\/www.guideline-fr.com\/fr\/wp-json\/wp\/v2\/media\/153"}],"wp:attachment":[{"href":"https:\/\/www.guideline-fr.com\/fr\/wp-json\/wp\/v2\/media?parent=227"}],"wp:term":[{"taxonomy":"product_cat","embeddable":true,"href":"https:\/\/www.guideline-fr.com\/fr\/wp-json\/wp\/v2\/product_cat?post=227"},{"taxonomy":"product_tag","embeddable":true,"href":"https:\/\/www.guideline-fr.com\/fr\/wp-json\/wp\/v2\/product_tag?post=227"}],"curies":[{"name":"wp","href":"https:\/\/api.w.org\/{rel}","templated":true}]}}