{"id":226,"date":"2022-12-21T07:47:51","date_gmt":"2022-12-21T06:47:51","guid":{"rendered":"https:\/\/www.guideline-fr.com\/producto\/arquitectour-clasico\/"},"modified":"2024-01-21T12:13:41","modified_gmt":"2024-01-21T11:13:41","slug":"visita-insolita-arquitecutra-lyon","status":"publish","type":"product","link":"https:\/\/www.guideline-fr.com\/fr\/produit\/visita-insolita-arquitecutra-lyon\/","title":{"rendered":"Visita el Coraz\u00f3n de Lyon"},"content":{"rendered":"<p>\u00a1Explora los <strong>monumentos emblem\u00e1ticos de Lyon<\/strong>!. Lyon alberga una gran cantidad de monumentos neocl\u00e1sicos impresionantes que te transportar\u00e1n a trav\u00e9s del tiempo. Desde la majestuosidad del <strong>H\u00f4tel de Ville<\/strong> hasta la intervenida <a href=\"https:\/\/www.opera-lyon.com\/informations-pratiques\/visiter-l-opera\"><strong>\u00d3pera de Lyon<\/strong><\/a>, nuestro tour te llevar\u00e1 a descubrir los monumentos m\u00e1s destacados y te brindar\u00e1 informaci\u00f3n detallada sobre su arquitectura, historia y relevancia cultural.<\/p>\n<p>La arquitectura neocl\u00e1sica se caracteriza por su elegancia, proporciones equilibradas y referencias a la antigua Grecia y Roma. Durante el tour, un arquitecto te ayudar\u00e1n a apreciar los detalles arquitect\u00f3nicos, como las columnas, frontones y frisos, que dan vida a los <strong>edificios neocl\u00e1sicos de Lyon<\/strong>. Te explicar\u00e1 el contexto hist\u00f3rico y art\u00edstico que dio lugar a este estilo arquitect\u00f3nico y su influencia en la ciudad.<\/p>\n<p>Mantenemos nuestros <a href=\"https:\/\/www.guideline-fr.com\/fr\/produit\/visita-confluencias-lyon-espanol\/\"><strong>grupos reducidos<\/strong><\/a> para ofrecerte una experiencia m\u00e1s personalizada e interactiva.<\/p>","protected":false},"excerpt":{"rendered":"<p>Precio por grupo de max. 4 personas. 2h30<\/p>","protected":false},"featured_media":152,"template":"","meta":{"_et_pb_use_builder":"","_et_pb_old_content":"","_et_gb_content_width":""},"product_cat":[33],"product_tag":[],"yoast_head":"<!-- This site is optimized with the Yoast SEO plugin v21.9.1 - https:\/\/yoast.com\/wordpress\/plugins\/seo\/ -->\n<title>Visita el Coraz\u00f3n de Lyon - Guide Line<\/title>\n<meta name=\"description\" content=\"VISITAR LYON es descubrir su arquitectura. La belleza arquitect\u00f3nica de Lyon, resulta de una combinaci\u00f3n de estilos. El estilo neocl\u00e1sico impresiona.\" \/>\n<meta name=\"robots\" content=\"index, follow, max-snippet:-1, max-image-preview:large, max-video-preview:-1\" \/>\n<link rel=\"canonical\" href=\"https:\/\/www.guideline-fr.com\/fr\/produit\/visita-insolita-arquitecutra-lyon\/\" \/>\n<meta property=\"og:locale\" content=\"fr_FR\" \/>\n<meta property=\"og:type\" content=\"article\" \/>\n<meta property=\"og:title\" content=\"Visita el Coraz\u00f3n de Lyon - Guide Line\" \/>\n<meta property=\"og:description\" content=\"VISITAR LYON es descubrir su arquitectura. La belleza arquitect\u00f3nica de Lyon, resulta de una combinaci\u00f3n de estilos. El estilo neocl\u00e1sico impresiona.\" \/>\n<meta property=\"og:url\" content=\"https:\/\/www.guideline-fr.com\/fr\/produit\/visita-insolita-arquitecutra-lyon\/\" \/>\n<meta property=\"og:site_name\" content=\"Guide Line\" \/>\n<meta property=\"article:modified_time\" content=\"2024-01-21T11:13:41+00:00\" \/>\n<meta property=\"og:image\" content=\"https:\/\/www.guideline-fr.com\/wp-content\/uploads\/2022\/12\/Colonne-Romaine.png\" \/>\n\t<meta property=\"og:image:width\" content=\"500\" \/>\n\t<meta property=\"og:image:height\" content=\"500\" \/>\n\t<meta property=\"og:image:type\" content=\"image\/png\" \/>\n<meta name=\"twitter:card\" content=\"summary_large_image\" \/>\n<meta name=\"twitter:label1\" content=\"Dur\u00e9e de lecture estim\u00e9e\" \/>\n\t<meta name=\"twitter:data1\" content=\"1 minute\" \/>\n<script type=\"application\/ld+json\" class=\"yoast-schema-graph\">{\"@context\":\"https:\/\/schema.org\",\"@graph\":[{\"@type\":\"WebPage\",\"@id\":\"https:\/\/www.guideline-fr.com\/producto\/visita-insolita-arquitecutra-lyon\/\",\"url\":\"https:\/\/www.guideline-fr.com\/producto\/visita-insolita-arquitecutra-lyon\/\",\"name\":\"Visita el Coraz\u00f3n de Lyon - Guide Line\",\"isPartOf\":{\"@id\":\"https:\/\/www.guideline-fr.com\/fr\/#website\"},\"datePublished\":\"2022-12-21T06:47:51+00:00\",\"dateModified\":\"2024-01-21T11:13:41+00:00\",\"description\":\"VISITAR LYON es descubrir su arquitectura. La belleza arquitect\u00f3nica de Lyon, resulta de una combinaci\u00f3n de estilos. El estilo neocl\u00e1sico impresiona.\",\"breadcrumb\":{\"@id\":\"https:\/\/www.guideline-fr.com\/producto\/visita-insolita-arquitecutra-lyon\/#breadcrumb\"},\"inLanguage\":\"fr-FR\",\"potentialAction\":[{\"@type\":\"ReadAction\",\"target\":[\"https:\/\/www.guideline-fr.com\/producto\/visita-insolita-arquitecutra-lyon\/\"]}]},{\"@type\":\"BreadcrumbList\",\"@id\":\"https:\/\/www.guideline-fr.com\/producto\/visita-insolita-arquitecutra-lyon\/#breadcrumb\",\"itemListElement\":[{\"@type\":\"ListItem\",\"position\":1,\"name\":\"Portada\",\"item\":\"https:\/\/www.guideline-fr.com\/\"},{\"@type\":\"ListItem\",\"position\":2,\"name\":\"Tienda\",\"item\":\"https:\/\/www.guideline-fr.com\/fr\/tienda\/\"},{\"@type\":\"ListItem\",\"position\":3,\"name\":\"Visita el Coraz\u00f3n de Lyon\"}]},{\"@type\":\"WebSite\",\"@id\":\"https:\/\/www.guideline-fr.com\/fr\/#website\",\"url\":\"https:\/\/www.guideline-fr.com\/fr\/\",\"name\":\"Guide Line\",\"description\":\"No ofrecemos tours, ofrecemos experiencias\",\"potentialAction\":[{\"@type\":\"SearchAction\",\"target\":{\"@type\":\"EntryPoint\",\"urlTemplate\":\"https:\/\/www.guideline-fr.com\/fr\/?s={search_term_string}\"},\"query-input\":\"required name=search_term_string\"}],\"inLanguage\":\"fr-FR\"}]}<\/script>\n<!-- \/ Yoast SEO plugin. -->","yoast_head_json":{"title":"Visita el Coraz\u00f3n de Lyon - Guide Line","description":"VISITAR LYON es descubrir su arquitectura. La belleza arquitect\u00f3nica de Lyon, resulta de una combinaci\u00f3n de estilos. El estilo neocl\u00e1sico impresiona.","robots":{"index":"index","follow":"follow","max-snippet":"max-snippet:-1","max-image-preview":"max-image-preview:large","max-video-preview":"max-video-preview:-1"},"canonical":"https:\/\/www.guideline-fr.com\/fr\/produit\/visita-insolita-arquitecutra-lyon\/","og_locale":"fr_FR","og_type":"article","og_title":"Visita el Coraz\u00f3n de Lyon - Guide Line","og_description":"VISITAR LYON es descubrir su arquitectura. La belleza arquitect\u00f3nica de Lyon, resulta de una combinaci\u00f3n de estilos. El estilo neocl\u00e1sico impresiona.","og_url":"https:\/\/www.guideline-fr.com\/fr\/produit\/visita-insolita-arquitecutra-lyon\/","og_site_name":"Guide Line","article_modified_time":"2024-01-21T11:13:41+00:00","og_image":[{"width":500,"height":500,"url":"https:\/\/www.guideline-fr.com\/wp-content\/uploads\/2022\/12\/Colonne-Romaine.png","type":"image\/png"}],"twitter_card":"summary_large_image","twitter_misc":{"Dur\u00e9e de lecture estim\u00e9e":"1 minute"},"schema":{"@context":"https:\/\/schema.org","@graph":[{"@type":"WebPage","@id":"https:\/\/www.guideline-fr.com\/producto\/visita-insolita-arquitecutra-lyon\/","url":"https:\/\/www.guideline-fr.com\/producto\/visita-insolita-arquitecutra-lyon\/","name":"Visita el Coraz\u00f3n de Lyon - Guide Line","isPartOf":{"@id":"https:\/\/www.guideline-fr.com\/fr\/#website"},"datePublished":"2022-12-21T06:47:51+00:00","dateModified":"2024-01-21T11:13:41+00:00","description":"VISITAR LYON es descubrir su arquitectura. La belleza arquitect\u00f3nica de Lyon, resulta de una combinaci\u00f3n de estilos. El estilo neocl\u00e1sico impresiona.","breadcrumb":{"@id":"https:\/\/www.guideline-fr.com\/producto\/visita-insolita-arquitecutra-lyon\/#breadcrumb"},"inLanguage":"fr-FR","potentialAction":[{"@type":"ReadAction","target":["https:\/\/www.guideline-fr.com\/producto\/visita-insolita-arquitecutra-lyon\/"]}]},{"@type":"BreadcrumbList","@id":"https:\/\/www.guideline-fr.com\/producto\/visita-insolita-arquitecutra-lyon\/#breadcrumb","itemListElement":[{"@type":"ListItem","position":1,"name":"Portada","item":"https:\/\/www.guideline-fr.com\/"},{"@type":"ListItem","position":2,"name":"Tienda","item":"https:\/\/www.guideline-fr.com\/fr\/tienda\/"},{"@type":"ListItem","position":3,"name":"Visita el Coraz\u00f3n de Lyon"}]},{"@type":"WebSite","@id":"https:\/\/www.guideline-fr.com\/fr\/#website","url":"https:\/\/www.guideline-fr.com\/fr\/","name":"Guide Line","description":"No ofrecemos tours, ofrecemos experiencias","potentialAction":[{"@type":"SearchAction","target":{"@type":"EntryPoint","urlTemplate":"https:\/\/www.guideline-fr.com\/fr\/?s={search_term_string}"},"query-input":"required name=search_term_string"}],"inLanguage":"fr-FR"}]}},"_links":{"self":[{"href":"https:\/\/www.guideline-fr.com\/fr\/wp-json\/wp\/v2\/product\/226"}],"collection":[{"href":"https:\/\/www.guideline-fr.com\/fr\/wp-json\/wp\/v2\/product"}],"about":[{"href":"https:\/\/www.guideline-fr.com\/fr\/wp-json\/wp\/v2\/types\/product"}],"wp:featuredmedia":[{"embeddable":true,"href":"https:\/\/www.guideline-fr.com\/fr\/wp-json\/wp\/v2\/media\/152"}],"wp:attachment":[{"href":"https:\/\/www.guideline-fr.com\/fr\/wp-json\/wp\/v2\/media?parent=226"}],"wp:term":[{"taxonomy":"product_cat","embeddable":true,"href":"https:\/\/www.guideline-fr.com\/fr\/wp-json\/wp\/v2\/product_cat?post=226"},{"taxonomy":"product_tag","embeddable":true,"href":"https:\/\/www.guideline-fr.com\/fr\/wp-json\/wp\/v2\/product_tag?post=226"}],"curies":[{"name":"wp","href":"https:\/\/api.w.org\/{rel}","templated":true}]}}