{"id":225,"date":"2022-12-21T07:47:51","date_gmt":"2022-12-21T06:47:51","guid":{"rendered":"https:\/\/www.guideline-fr.com\/producto\/arquitectour-renacentista\/"},"modified":"2024-01-21T12:17:08","modified_gmt":"2024-01-21T11:17:08","slug":"tour-viejo-lyon-traboules","status":"publish","type":"product","link":"https:\/\/www.guideline-fr.com\/fr\/produit\/tour-viejo-lyon-traboules\/","title":{"rendered":"Visita el Viejo Lyon"},"content":{"rendered":"<p>Durante nuestro tour, te guiaremos a trav\u00e9s de las calles hist\u00f3ricas y te mostraremos <strong>lugares emblem\u00e1ticos del Viejo Lyon<\/strong> (Vieux-Lyon). Descubrir\u00e1s las caracter\u00edsticas arquitect\u00f3nicas renacentistas, como los patios interiores, las galer\u00edas abiertas y los detalles decorativos elaborados.<\/p>\n<p>Un arquitecto te ayudar\u00e1n a apreciar los elementos arquitect\u00f3nicos renacentistas, como los frontones, las ventanas adornadas, los arcos y las esculturas ornamentales. Te contar\u00e1 sobre los artistas y arquitectos destacados de la \u00e9poca y c\u00f3mo sus obras han dejado una huella duradera en el <strong>paisaje urbano de Lyon<\/strong>.<\/p>\n<p>Adem\u00e1s de la arquitectura, nos aseguraremos de que tambi\u00e9n disfrutes de la <strong>deliciosa gastronom\u00eda de Lyon<\/strong> durante el tour. Te hablaremos de los bouchons donde podr\u00e1s degustar platos t\u00edpicos de la regi\u00f3n y experimentar la combinaci\u00f3n perfecta entre historia arquitect\u00f3nica y sabores aut\u00e9nticos.<\/p>","protected":false},"excerpt":{"rendered":"<p>Precio por grupo de max. 4 personas. 2h30<\/p>","protected":false},"featured_media":164,"template":"","meta":{"_et_pb_use_builder":"","_et_pb_old_content":"","_et_gb_content_width":""},"product_cat":[33],"product_tag":[],"yoast_head":"<!-- This site is optimized with the Yoast SEO plugin v21.9.1 - https:\/\/yoast.com\/wordpress\/plugins\/seo\/ -->\n<title>Visita el Viejo Lyon - Guide Line<\/title>\n<meta name=\"description\" content=\"Descubrir\u00e1s edificios renacentistas impresionantes, aprender\u00e1s sobre su contexto hist\u00f3rico y cultural, y disfrutar\u00e1s del Viejo Lyon y sus pasajes secretos\" \/>\n<meta name=\"robots\" content=\"index, follow, max-snippet:-1, max-image-preview:large, max-video-preview:-1\" \/>\n<link rel=\"canonical\" href=\"https:\/\/www.guideline-fr.com\/fr\/produit\/tour-viejo-lyon-traboules\/\" \/>\n<meta property=\"og:locale\" content=\"fr_FR\" \/>\n<meta property=\"og:type\" content=\"article\" \/>\n<meta property=\"og:title\" content=\"Visita el Viejo Lyon - Guide Line\" \/>\n<meta property=\"og:description\" content=\"Descubrir\u00e1s edificios renacentistas impresionantes, aprender\u00e1s sobre su contexto hist\u00f3rico y cultural, y disfrutar\u00e1s del Viejo Lyon y sus pasajes secretos\" \/>\n<meta property=\"og:url\" content=\"https:\/\/www.guideline-fr.com\/fr\/produit\/tour-viejo-lyon-traboules\/\" \/>\n<meta property=\"og:site_name\" content=\"Guide Line\" \/>\n<meta property=\"article:modified_time\" content=\"2024-01-21T11:17:08+00:00\" \/>\n<meta property=\"og:image\" content=\"https:\/\/www.guideline-fr.com\/wp-content\/uploads\/2022\/12\/Renaissance.png\" \/>\n\t<meta property=\"og:image:width\" content=\"500\" \/>\n\t<meta property=\"og:image:height\" content=\"500\" \/>\n\t<meta property=\"og:image:type\" content=\"image\/png\" \/>\n<meta name=\"twitter:card\" content=\"summary_large_image\" \/>\n<meta name=\"twitter:label1\" content=\"Dur\u00e9e de lecture estim\u00e9e\" \/>\n\t<meta name=\"twitter:data1\" content=\"1 minute\" \/>\n<script type=\"application\/ld+json\" class=\"yoast-schema-graph\">{\"@context\":\"https:\/\/schema.org\",\"@graph\":[{\"@type\":\"WebPage\",\"@id\":\"https:\/\/www.guideline-fr.com\/producto\/tour-viejo-lyon-traboules\/\",\"url\":\"https:\/\/www.guideline-fr.com\/producto\/tour-viejo-lyon-traboules\/\",\"name\":\"Visita el Viejo Lyon - Guide Line\",\"isPartOf\":{\"@id\":\"https:\/\/www.guideline-fr.com\/fr\/#website\"},\"datePublished\":\"2022-12-21T06:47:51+00:00\",\"dateModified\":\"2024-01-21T11:17:08+00:00\",\"description\":\"Descubrir\u00e1s edificios renacentistas impresionantes, aprender\u00e1s sobre su contexto hist\u00f3rico y cultural, y disfrutar\u00e1s del Viejo Lyon y sus pasajes secretos\",\"breadcrumb\":{\"@id\":\"https:\/\/www.guideline-fr.com\/producto\/tour-viejo-lyon-traboules\/#breadcrumb\"},\"inLanguage\":\"fr-FR\",\"potentialAction\":[{\"@type\":\"ReadAction\",\"target\":[\"https:\/\/www.guideline-fr.com\/producto\/tour-viejo-lyon-traboules\/\"]}]},{\"@type\":\"BreadcrumbList\",\"@id\":\"https:\/\/www.guideline-fr.com\/producto\/tour-viejo-lyon-traboules\/#breadcrumb\",\"itemListElement\":[{\"@type\":\"ListItem\",\"position\":1,\"name\":\"Portada\",\"item\":\"https:\/\/www.guideline-fr.com\/\"},{\"@type\":\"ListItem\",\"position\":2,\"name\":\"Tienda\",\"item\":\"https:\/\/www.guideline-fr.com\/fr\/tienda\/\"},{\"@type\":\"ListItem\",\"position\":3,\"name\":\"Visita el Viejo Lyon\"}]},{\"@type\":\"WebSite\",\"@id\":\"https:\/\/www.guideline-fr.com\/fr\/#website\",\"url\":\"https:\/\/www.guideline-fr.com\/fr\/\",\"name\":\"Guide Line\",\"description\":\"No ofrecemos tours, ofrecemos experiencias\",\"potentialAction\":[{\"@type\":\"SearchAction\",\"target\":{\"@type\":\"EntryPoint\",\"urlTemplate\":\"https:\/\/www.guideline-fr.com\/fr\/?s={search_term_string}\"},\"query-input\":\"required name=search_term_string\"}],\"inLanguage\":\"fr-FR\"}]}<\/script>\n<!-- \/ Yoast SEO plugin. -->","yoast_head_json":{"title":"Visita el Viejo Lyon - Guide Line","description":"Descubrir\u00e1s edificios renacentistas impresionantes, aprender\u00e1s sobre su contexto hist\u00f3rico y cultural, y disfrutar\u00e1s del Viejo Lyon y sus pasajes secretos","robots":{"index":"index","follow":"follow","max-snippet":"max-snippet:-1","max-image-preview":"max-image-preview:large","max-video-preview":"max-video-preview:-1"},"canonical":"https:\/\/www.guideline-fr.com\/fr\/produit\/tour-viejo-lyon-traboules\/","og_locale":"fr_FR","og_type":"article","og_title":"Visita el Viejo Lyon - Guide Line","og_description":"Descubrir\u00e1s edificios renacentistas impresionantes, aprender\u00e1s sobre su contexto hist\u00f3rico y cultural, y disfrutar\u00e1s del Viejo Lyon y sus pasajes secretos","og_url":"https:\/\/www.guideline-fr.com\/fr\/produit\/tour-viejo-lyon-traboules\/","og_site_name":"Guide Line","article_modified_time":"2024-01-21T11:17:08+00:00","og_image":[{"width":500,"height":500,"url":"https:\/\/www.guideline-fr.com\/wp-content\/uploads\/2022\/12\/Renaissance.png","type":"image\/png"}],"twitter_card":"summary_large_image","twitter_misc":{"Dur\u00e9e de lecture estim\u00e9e":"1 minute"},"schema":{"@context":"https:\/\/schema.org","@graph":[{"@type":"WebPage","@id":"https:\/\/www.guideline-fr.com\/producto\/tour-viejo-lyon-traboules\/","url":"https:\/\/www.guideline-fr.com\/producto\/tour-viejo-lyon-traboules\/","name":"Visita el Viejo Lyon - Guide Line","isPartOf":{"@id":"https:\/\/www.guideline-fr.com\/fr\/#website"},"datePublished":"2022-12-21T06:47:51+00:00","dateModified":"2024-01-21T11:17:08+00:00","description":"Descubrir\u00e1s edificios renacentistas impresionantes, aprender\u00e1s sobre su contexto hist\u00f3rico y cultural, y disfrutar\u00e1s del Viejo Lyon y sus pasajes secretos","breadcrumb":{"@id":"https:\/\/www.guideline-fr.com\/producto\/tour-viejo-lyon-traboules\/#breadcrumb"},"inLanguage":"fr-FR","potentialAction":[{"@type":"ReadAction","target":["https:\/\/www.guideline-fr.com\/producto\/tour-viejo-lyon-traboules\/"]}]},{"@type":"BreadcrumbList","@id":"https:\/\/www.guideline-fr.com\/producto\/tour-viejo-lyon-traboules\/#breadcrumb","itemListElement":[{"@type":"ListItem","position":1,"name":"Portada","item":"https:\/\/www.guideline-fr.com\/"},{"@type":"ListItem","position":2,"name":"Tienda","item":"https:\/\/www.guideline-fr.com\/fr\/tienda\/"},{"@type":"ListItem","position":3,"name":"Visita el Viejo Lyon"}]},{"@type":"WebSite","@id":"https:\/\/www.guideline-fr.com\/fr\/#website","url":"https:\/\/www.guideline-fr.com\/fr\/","name":"Guide Line","description":"No ofrecemos tours, ofrecemos experiencias","potentialAction":[{"@type":"SearchAction","target":{"@type":"EntryPoint","urlTemplate":"https:\/\/www.guideline-fr.com\/fr\/?s={search_term_string}"},"query-input":"required name=search_term_string"}],"inLanguage":"fr-FR"}]}},"_links":{"self":[{"href":"https:\/\/www.guideline-fr.com\/fr\/wp-json\/wp\/v2\/product\/225"}],"collection":[{"href":"https:\/\/www.guideline-fr.com\/fr\/wp-json\/wp\/v2\/product"}],"about":[{"href":"https:\/\/www.guideline-fr.com\/fr\/wp-json\/wp\/v2\/types\/product"}],"wp:featuredmedia":[{"embeddable":true,"href":"https:\/\/www.guideline-fr.com\/fr\/wp-json\/wp\/v2\/media\/164"}],"wp:attachment":[{"href":"https:\/\/www.guideline-fr.com\/fr\/wp-json\/wp\/v2\/media?parent=225"}],"wp:term":[{"taxonomy":"product_cat","embeddable":true,"href":"https:\/\/www.guideline-fr.com\/fr\/wp-json\/wp\/v2\/product_cat?post=225"},{"taxonomy":"product_tag","embeddable":true,"href":"https:\/\/www.guideline-fr.com\/fr\/wp-json\/wp\/v2\/product_tag?post=225"}],"curies":[{"name":"wp","href":"https:\/\/api.w.org\/{rel}","templated":true}]}}