{"id":216,"date":"2022-12-21T03:39:02","date_gmt":"2022-12-21T02:39:02","guid":{"rendered":"https:\/\/www.guideline-fr.com\/?post_type=product&#038;p=216"},"modified":"2024-01-21T12:24:51","modified_gmt":"2024-01-21T11:24:51","slug":"tour-visita-fourviere-lyon-espanol","status":"publish","type":"product","link":"https:\/\/www.guideline-fr.com\/fr\/produit\/tour-visita-fourviere-lyon-espanol\/","title":{"rendered":"Visita a la Bas\u00edlica de Lyon"},"content":{"rendered":"<p>\u00a1Explora la majestuosidad de la arquitectura antigua en nuestros <strong>tours tem\u00e1ticos en Lyon<\/strong>! Te ofrecemos una experiencia \u00fanica y enriquecedora, destacando la fascinante arquitectura antigua que forma parte del <strong>patrimonio hist\u00f3rico<\/strong> de esta maravillosa ciudad francesa.<\/p>\n<p>Lyon cuenta con una rica historia que se remonta a la \u00e9poca romana. Durante nuestro tour, te llevaremos a explorar los lugares m\u00e1s destacados de la arquitectura antigua, como el <strong>Teatro Romano de Fourvi\u00e8re<\/strong>, las ruinas de las termas romanas y los mausoleos. Te sumergir\u00e1s en el pasado y podr\u00e1s apreciar la grandeza de las construcciones antiguas.<\/p>\n<p>Conocida como <strong>Lugdunum<\/strong> en la \u00e9poca romana, Lyon fue una de las ciudades m\u00e1s importantes del Imperio Romano. Un aruitecto te contar\u00e1 la historia y la importancia de la arquitectura romana en la ciudad, c\u00f3mo influy\u00f3 en la vida cotidiana de sus habitantes y c\u00f3mo se ha preservado a lo largo de los siglos.<\/p>","protected":false},"excerpt":{"rendered":"<p>Precio por grupo de max. 4 personas. 2h30 de recorrido.<\/p>","protected":false},"featured_media":155,"template":"","meta":{"_et_pb_use_builder":"","_et_pb_old_content":"","_et_gb_content_width":""},"product_cat":[33],"product_tag":[],"yoast_head":"<!-- This site is optimized with the Yoast SEO plugin v21.9.1 - https:\/\/yoast.com\/wordpress\/plugins\/seo\/ -->\n<title>Visita a la Bas\u00edlica de Lyon - Guide Line<\/title>\n<meta name=\"description\" content=\"TOUR tem\u00e1tico EN FOURVIERE de arquitectura antigua en Lyon donde disfrutar\u00e1s de una experiencia enriquecedora en la encantadora CIUDAD DE LYON\" \/>\n<meta name=\"robots\" content=\"index, follow, max-snippet:-1, max-image-preview:large, max-video-preview:-1\" \/>\n<link rel=\"canonical\" href=\"https:\/\/www.guideline-fr.com\/fr\/produit\/tour-visita-fourviere-lyon-espanol\/\" \/>\n<meta property=\"og:locale\" content=\"fr_FR\" \/>\n<meta property=\"og:type\" content=\"article\" \/>\n<meta property=\"og:title\" content=\"Visita a la Bas\u00edlica de Lyon - Guide Line\" \/>\n<meta property=\"og:description\" content=\"TOUR tem\u00e1tico EN FOURVIERE de arquitectura antigua en Lyon donde disfrutar\u00e1s de una experiencia enriquecedora en la encantadora CIUDAD DE LYON\" \/>\n<meta property=\"og:url\" content=\"https:\/\/www.guideline-fr.com\/fr\/produit\/tour-visita-fourviere-lyon-espanol\/\" \/>\n<meta property=\"og:site_name\" content=\"Guide Line\" \/>\n<meta property=\"article:modified_time\" content=\"2024-01-21T11:24:51+00:00\" \/>\n<meta property=\"og:image\" content=\"https:\/\/www.guideline-fr.com\/wp-content\/uploads\/2022\/12\/Fourviere.png\" \/>\n\t<meta property=\"og:image:width\" content=\"500\" \/>\n\t<meta property=\"og:image:height\" content=\"500\" \/>\n\t<meta property=\"og:image:type\" content=\"image\/png\" \/>\n<meta name=\"twitter:card\" content=\"summary_large_image\" \/>\n<meta name=\"twitter:label1\" content=\"Dur\u00e9e de lecture estim\u00e9e\" \/>\n\t<meta name=\"twitter:data1\" content=\"1 minute\" \/>\n<script type=\"application\/ld+json\" class=\"yoast-schema-graph\">{\"@context\":\"https:\/\/schema.org\",\"@graph\":[{\"@type\":\"WebPage\",\"@id\":\"https:\/\/www.guideline-fr.com\/producto\/tour-visita-fourviere-lyon-espanol\/\",\"url\":\"https:\/\/www.guideline-fr.com\/producto\/tour-visita-fourviere-lyon-espanol\/\",\"name\":\"Visita a la Bas\u00edlica de Lyon - Guide Line\",\"isPartOf\":{\"@id\":\"https:\/\/www.guideline-fr.com\/fr\/#website\"},\"datePublished\":\"2022-12-21T02:39:02+00:00\",\"dateModified\":\"2024-01-21T11:24:51+00:00\",\"description\":\"TOUR tem\u00e1tico EN FOURVIERE de arquitectura antigua en Lyon donde disfrutar\u00e1s de una experiencia enriquecedora en la encantadora CIUDAD DE LYON\",\"breadcrumb\":{\"@id\":\"https:\/\/www.guideline-fr.com\/producto\/tour-visita-fourviere-lyon-espanol\/#breadcrumb\"},\"inLanguage\":\"fr-FR\",\"potentialAction\":[{\"@type\":\"ReadAction\",\"target\":[\"https:\/\/www.guideline-fr.com\/producto\/tour-visita-fourviere-lyon-espanol\/\"]}]},{\"@type\":\"BreadcrumbList\",\"@id\":\"https:\/\/www.guideline-fr.com\/producto\/tour-visita-fourviere-lyon-espanol\/#breadcrumb\",\"itemListElement\":[{\"@type\":\"ListItem\",\"position\":1,\"name\":\"Portada\",\"item\":\"https:\/\/www.guideline-fr.com\/\"},{\"@type\":\"ListItem\",\"position\":2,\"name\":\"Tienda\",\"item\":\"https:\/\/www.guideline-fr.com\/fr\/tienda\/\"},{\"@type\":\"ListItem\",\"position\":3,\"name\":\"Visita a la Bas\u00edlica de Lyon\"}]},{\"@type\":\"WebSite\",\"@id\":\"https:\/\/www.guideline-fr.com\/fr\/#website\",\"url\":\"https:\/\/www.guideline-fr.com\/fr\/\",\"name\":\"Guide Line\",\"description\":\"No ofrecemos tours, ofrecemos experiencias\",\"potentialAction\":[{\"@type\":\"SearchAction\",\"target\":{\"@type\":\"EntryPoint\",\"urlTemplate\":\"https:\/\/www.guideline-fr.com\/fr\/?s={search_term_string}\"},\"query-input\":\"required name=search_term_string\"}],\"inLanguage\":\"fr-FR\"}]}<\/script>\n<!-- \/ Yoast SEO plugin. -->","yoast_head_json":{"title":"Visita a la Bas\u00edlica de Lyon - Guide Line","description":"TOUR tem\u00e1tico EN FOURVIERE de arquitectura antigua en Lyon donde disfrutar\u00e1s de una experiencia enriquecedora en la encantadora CIUDAD DE LYON","robots":{"index":"index","follow":"follow","max-snippet":"max-snippet:-1","max-image-preview":"max-image-preview:large","max-video-preview":"max-video-preview:-1"},"canonical":"https:\/\/www.guideline-fr.com\/fr\/produit\/tour-visita-fourviere-lyon-espanol\/","og_locale":"fr_FR","og_type":"article","og_title":"Visita a la Bas\u00edlica de Lyon - Guide Line","og_description":"TOUR tem\u00e1tico EN FOURVIERE de arquitectura antigua en Lyon donde disfrutar\u00e1s de una experiencia enriquecedora en la encantadora CIUDAD DE LYON","og_url":"https:\/\/www.guideline-fr.com\/fr\/produit\/tour-visita-fourviere-lyon-espanol\/","og_site_name":"Guide Line","article_modified_time":"2024-01-21T11:24:51+00:00","og_image":[{"width":500,"height":500,"url":"https:\/\/www.guideline-fr.com\/wp-content\/uploads\/2022\/12\/Fourviere.png","type":"image\/png"}],"twitter_card":"summary_large_image","twitter_misc":{"Dur\u00e9e de lecture estim\u00e9e":"1 minute"},"schema":{"@context":"https:\/\/schema.org","@graph":[{"@type":"WebPage","@id":"https:\/\/www.guideline-fr.com\/producto\/tour-visita-fourviere-lyon-espanol\/","url":"https:\/\/www.guideline-fr.com\/producto\/tour-visita-fourviere-lyon-espanol\/","name":"Visita a la Bas\u00edlica de Lyon - Guide Line","isPartOf":{"@id":"https:\/\/www.guideline-fr.com\/fr\/#website"},"datePublished":"2022-12-21T02:39:02+00:00","dateModified":"2024-01-21T11:24:51+00:00","description":"TOUR tem\u00e1tico EN FOURVIERE de arquitectura antigua en Lyon donde disfrutar\u00e1s de una experiencia enriquecedora en la encantadora CIUDAD DE LYON","breadcrumb":{"@id":"https:\/\/www.guideline-fr.com\/producto\/tour-visita-fourviere-lyon-espanol\/#breadcrumb"},"inLanguage":"fr-FR","potentialAction":[{"@type":"ReadAction","target":["https:\/\/www.guideline-fr.com\/producto\/tour-visita-fourviere-lyon-espanol\/"]}]},{"@type":"BreadcrumbList","@id":"https:\/\/www.guideline-fr.com\/producto\/tour-visita-fourviere-lyon-espanol\/#breadcrumb","itemListElement":[{"@type":"ListItem","position":1,"name":"Portada","item":"https:\/\/www.guideline-fr.com\/"},{"@type":"ListItem","position":2,"name":"Tienda","item":"https:\/\/www.guideline-fr.com\/fr\/tienda\/"},{"@type":"ListItem","position":3,"name":"Visita a la Bas\u00edlica de Lyon"}]},{"@type":"WebSite","@id":"https:\/\/www.guideline-fr.com\/fr\/#website","url":"https:\/\/www.guideline-fr.com\/fr\/","name":"Guide Line","description":"No ofrecemos tours, ofrecemos experiencias","potentialAction":[{"@type":"SearchAction","target":{"@type":"EntryPoint","urlTemplate":"https:\/\/www.guideline-fr.com\/fr\/?s={search_term_string}"},"query-input":"required name=search_term_string"}],"inLanguage":"fr-FR"}]}},"_links":{"self":[{"href":"https:\/\/www.guideline-fr.com\/fr\/wp-json\/wp\/v2\/product\/216"}],"collection":[{"href":"https:\/\/www.guideline-fr.com\/fr\/wp-json\/wp\/v2\/product"}],"about":[{"href":"https:\/\/www.guideline-fr.com\/fr\/wp-json\/wp\/v2\/types\/product"}],"wp:featuredmedia":[{"embeddable":true,"href":"https:\/\/www.guideline-fr.com\/fr\/wp-json\/wp\/v2\/media\/155"}],"wp:attachment":[{"href":"https:\/\/www.guideline-fr.com\/fr\/wp-json\/wp\/v2\/media?parent=216"}],"wp:term":[{"taxonomy":"product_cat","embeddable":true,"href":"https:\/\/www.guideline-fr.com\/fr\/wp-json\/wp\/v2\/product_cat?post=216"},{"taxonomy":"product_tag","embeddable":true,"href":"https:\/\/www.guideline-fr.com\/fr\/wp-json\/wp\/v2\/product_tag?post=216"}],"curies":[{"name":"wp","href":"https:\/\/api.w.org\/{rel}","templated":true}]}}