{"id":64,"date":"2022-12-12T03:53:34","date_gmt":"2022-12-12T02:53:34","guid":{"rendered":"https:\/\/www.guideline-fr.com\/?page_id=64"},"modified":"2022-12-16T21:11:27","modified_gmt":"2022-12-16T20:11:27","slug":"preguntas-frecuentes","status":"publish","type":"page","link":"https:\/\/www.guideline-fr.com\/fr\/preguntas-frecuentes\/","title":{"rendered":"FAQ"},"content":{"rendered":"<p>[et_pb_section fb_built=&#8221;1&#8243; theme_builder_area=&#8221;post_content&#8221; _builder_version=&#8221;4.19.2&#8243; _module_preset=&#8221;default&#8221;][et_pb_row _builder_version=&#8221;4.19.2&#8243; _module_preset=&#8221;default&#8221; theme_builder_area=&#8221;post_content&#8221;][et_pb_column _builder_version=&#8221;4.19.2&#8243; _module_preset=&#8221;default&#8221; type=&#8221;4_4&#8243; theme_builder_area=&#8221;post_content&#8221;][et_pb_text _builder_version=&#8221;4.19.2&#8243; _module_preset=&#8221;default&#8221; theme_builder_area=&#8221;post_content&#8221; header_font=&#8221;Skia|600||on|||||&#8221; header_font_size=&#8221;3.5em&#8221; hover_enabled=&#8221;0&#8243; sticky_enabled=&#8221;0&#8243;]<\/p>\n<h1>FAQ<\/h1>\n<p>[\/et_pb_text][et_pb_accordion _builder_version=&#8221;4.19.2&#8243; _module_preset=&#8221;default&#8221; theme_builder_area=&#8221;post_content&#8221; toggle_font=&#8221;Skia|600||on|||||&#8221; body_font=&#8221;Helvetica Light||||||||&#8221; body_font_size=&#8221;1.2em&#8221; toggle_font_size=&#8221;1.5em&#8221; open_toggle_background_color=&#8221;RGBA(255,255,255,0)&#8221; closed_toggle_background_color=&#8221;RGBA(255,255,255,0)&#8221; icon_color=&#8221;#3BB2A7&#8243; use_icon_font_size=&#8221;on&#8221; hover_enabled=&#8221;0&#8243; sticky_enabled=&#8221;0&#8243; border_color_all=&#8221;#3684BF&#8221; border_width_all=&#8221;0px&#8221; border_width_bottom=&#8221;1px&#8221; border_color_bottom=&#8221;#3BB2A7&#8243;][et_pb_accordion_item title=&#8221;\u00bfCu\u00e1l es la edad m\u00ednima y m\u00e1xima para participar en una experiencia?&#8221; _builder_version=&#8221;4.19.2&#8243; _module_preset=&#8221;default&#8221; open=&#8221;on&#8221; theme_builder_area=&#8221;post_content&#8221; hover_enabled=&#8221;0&#8243; sticky_enabled=&#8221;0&#8243;]M\u00ednima 10 a\u00f1os. No hay edad m\u00e1xima pero se sugiere que la persona no tenga problemas para desplazarse.[\/et_pb_accordion_item][et_pb_accordion_item title=&#8221;\u00bfC\u00f3mo puedo reservar?&#8221; _builder_version=&#8221;4.19.2&#8243; _module_preset=&#8221;default&#8221; open=&#8221;off&#8221; theme_builder_area=&#8221;post_content&#8221; hover_enabled=&#8221;0&#8243; sticky_enabled=&#8221;0&#8243;]<\/p>\n<p>Article 3 de <a href=\"https:\/\/www.guideline-fr.com\/fr\/politicas-y-cgv\/\">Politiques et CGV<\/a>.<\/p>\n<p>[\/et_pb_accordion_item][et_pb_accordion_item title=&#8221;\u00bfQu\u00e9 pasa si llueve?&#8221; _builder_version=&#8221;4.19.2&#8243; _module_preset=&#8221;default&#8221; open=&#8221;off&#8221; theme_builder_area=&#8221;post_content&#8221; hover_enabled=&#8221;0&#8243; sticky_enabled=&#8221;0&#8243;]<\/p>\n<p>Article 10 de <a href=\"https:\/\/www.guideline-fr.com\/fr\/politicas-y-cgv\/\">Politiques et CGV<\/a>.<\/p>\n<p>[\/et_pb_accordion_item][et_pb_accordion_item title=&#8221;\u00bfQu\u00e9 pasa si hay una alerta clim\u00e1tica?&#8221; _builder_version=&#8221;4.19.2&#8243; _module_preset=&#8221;default&#8221; open=&#8221;off&#8221; theme_builder_area=&#8221;post_content&#8221; hover_enabled=&#8221;0&#8243; sticky_enabled=&#8221;0&#8243;]<\/p>\n<p>Article 10 de <a href=\"https:\/\/www.guideline-fr.com\/fr\/politicas-y-cgv\/\">Politiques et CGV<\/a>.<\/p>\n<p>[\/et_pb_accordion_item][et_pb_accordion_item title=&#8221;\u00bfQu\u00e9 pasa si no puedo presentarme?&#8221; _builder_version=&#8221;4.19.2&#8243; _module_preset=&#8221;default&#8221; open=&#8221;off&#8221; theme_builder_area=&#8221;post_content&#8221; hover_enabled=&#8221;0&#8243; sticky_enabled=&#8221;0&#8243;]<\/p>\n<p>Article 7 et 8 de <a href=\"https:\/\/www.guideline-fr.com\/fr\/politicas-y-cgv\/\">Politiques et CGV<\/a>.<\/p>\n<p>[\/et_pb_accordion_item][et_pb_accordion_item title=&#8221;\u00bfC\u00f3mo reconocer a mi gu\u00eda?&#8221; _builder_version=&#8221;4.19.2&#8243; _module_preset=&#8221;default&#8221; open=&#8221;off&#8221; theme_builder_area=&#8221;post_content&#8221; hover_enabled=&#8221;0&#8243; sticky_enabled=&#8221;0&#8243;]<\/p>\n<p>Le guide aura un badge, un t-shirt ou un parapluie avec le nom et le logo de l\u2019entreprise Guide Line.<\/p>\n<p>[\/et_pb_accordion_item][et_pb_accordion_item title=&#8221;\u00bfC\u00f3mo llego al lugar de la cita?&#8221; _builder_version=&#8221;4.19.2&#8243; _module_preset=&#8221;default&#8221; open=&#8221;off&#8221; theme_builder_area=&#8221;post_content&#8221; hover_enabled=&#8221;0&#8243; sticky_enabled=&#8221;0&#8243;]<\/p>\n<p>Les indications seront envoy\u00e9s une fois la r\u00e9servation a \u00e9t\u00e9 confirm\u00e9 par email.<\/p>\n<p>[\/et_pb_accordion_item][\/et_pb_accordion][\/et_pb_column][\/et_pb_row][\/et_pb_section]<\/p>","protected":false},"excerpt":{"rendered":"<p>Preguntas FrecuentesM\u00ednima 10 a\u00f1os. No hay edad m\u00e1xima pero se sugiere que la persona no tenga problemas para desplazarse.Articulo 3 de las Pol\u00edticas y CGV.Articulo 10 de las Pol\u00edticas y CGV.Articulo 10 de las Pol\u00edticas y CGV.Articulos 7 y 8 de las Pol\u00edticas y CGV.El\/La gu\u00eda tendr\u00e1 una credencial, una camisa o un paraguas con [&hellip;]<\/p>","protected":false},"author":2,"featured_media":0,"parent":0,"menu_order":0,"comment_status":"closed","ping_status":"closed","template":"","meta":{"_et_pb_use_builder":"on","_et_pb_old_content":"","_et_gb_content_width":"","footnotes":""},"yoast_head":"<!-- This site is optimized with the Yoast SEO plugin v21.9.1 - https:\/\/yoast.com\/wordpress\/plugins\/seo\/ -->\n<title>Preguntas Frecuentes - Guide Line<\/title>\n<meta name=\"robots\" content=\"index, follow, max-snippet:-1, max-image-preview:large, max-video-preview:-1\" \/>\n<link rel=\"canonical\" href=\"https:\/\/www.guideline-fr.com\/fr\/preguntas-frecuentes\/\" \/>\n<meta property=\"og:locale\" content=\"fr_FR\" \/>\n<meta property=\"og:type\" content=\"article\" \/>\n<meta property=\"og:title\" content=\"Preguntas Frecuentes - Guide Line\" \/>\n<meta property=\"og:description\" content=\"Preguntas FrecuentesM\u00ednima 10 a\u00f1os. No hay edad m\u00e1xima pero se sugiere que la persona no tenga problemas para desplazarse.Articulo 3 de las Pol\u00edticas y CGV.Articulo 10 de las Pol\u00edticas y CGV.Articulo 10 de las Pol\u00edticas y CGV.Articulos 7 y 8 de las Pol\u00edticas y CGV.El\/La gu\u00eda tendr\u00e1 una credencial, una camisa o un paraguas con [&hellip;]\" \/>\n<meta property=\"og:url\" content=\"https:\/\/www.guideline-fr.com\/fr\/preguntas-frecuentes\/\" \/>\n<meta property=\"og:site_name\" content=\"Guide Line\" \/>\n<meta property=\"article:modified_time\" content=\"2022-12-16T20:11:27+00:00\" \/>\n<meta name=\"twitter:card\" content=\"summary_large_image\" \/>\n<meta name=\"twitter:label1\" content=\"Dur\u00e9e de lecture estim\u00e9e\" \/>\n\t<meta name=\"twitter:data1\" content=\"2 minutes\" \/>\n<script type=\"application\/ld+json\" class=\"yoast-schema-graph\">{\"@context\":\"https:\/\/schema.org\",\"@graph\":[{\"@type\":\"WebPage\",\"@id\":\"https:\/\/www.guideline-fr.com\/fr\/preguntas-frecuentes\/\",\"url\":\"https:\/\/www.guideline-fr.com\/fr\/preguntas-frecuentes\/\",\"name\":\"Preguntas Frecuentes - Guide Line\",\"isPartOf\":{\"@id\":\"https:\/\/www.guideline-fr.com\/fr\/#website\"},\"datePublished\":\"2022-12-12T02:53:34+00:00\",\"dateModified\":\"2022-12-16T20:11:27+00:00\",\"breadcrumb\":{\"@id\":\"https:\/\/www.guideline-fr.com\/fr\/preguntas-frecuentes\/#breadcrumb\"},\"inLanguage\":\"fr-FR\",\"potentialAction\":[{\"@type\":\"ReadAction\",\"target\":[\"https:\/\/www.guideline-fr.com\/fr\/preguntas-frecuentes\/\"]}]},{\"@type\":\"BreadcrumbList\",\"@id\":\"https:\/\/www.guideline-fr.com\/fr\/preguntas-frecuentes\/#breadcrumb\",\"itemListElement\":[{\"@type\":\"ListItem\",\"position\":1,\"name\":\"Portada\",\"item\":\"https:\/\/www.guideline-fr.com\/\"},{\"@type\":\"ListItem\",\"position\":2,\"name\":\"Preguntas Frecuentes\"}]},{\"@type\":\"WebSite\",\"@id\":\"https:\/\/www.guideline-fr.com\/fr\/#website\",\"url\":\"https:\/\/www.guideline-fr.com\/fr\/\",\"name\":\"Guide Line\",\"description\":\"No ofrecemos tours, ofrecemos experiencias\",\"potentialAction\":[{\"@type\":\"SearchAction\",\"target\":{\"@type\":\"EntryPoint\",\"urlTemplate\":\"https:\/\/www.guideline-fr.com\/fr\/?s={search_term_string}\"},\"query-input\":\"required name=search_term_string\"}],\"inLanguage\":\"fr-FR\"}]}<\/script>\n<!-- \/ Yoast SEO plugin. -->","yoast_head_json":{"title":"Preguntas Frecuentes - Guide Line","robots":{"index":"index","follow":"follow","max-snippet":"max-snippet:-1","max-image-preview":"max-image-preview:large","max-video-preview":"max-video-preview:-1"},"canonical":"https:\/\/www.guideline-fr.com\/fr\/preguntas-frecuentes\/","og_locale":"fr_FR","og_type":"article","og_title":"Preguntas Frecuentes - Guide Line","og_description":"Preguntas FrecuentesM\u00ednima 10 a\u00f1os. No hay edad m\u00e1xima pero se sugiere que la persona no tenga problemas para desplazarse.Articulo 3 de las Pol\u00edticas y CGV.Articulo 10 de las Pol\u00edticas y CGV.Articulo 10 de las Pol\u00edticas y CGV.Articulos 7 y 8 de las Pol\u00edticas y CGV.El\/La gu\u00eda tendr\u00e1 una credencial, una camisa o un paraguas con [&hellip;]","og_url":"https:\/\/www.guideline-fr.com\/fr\/preguntas-frecuentes\/","og_site_name":"Guide Line","article_modified_time":"2022-12-16T20:11:27+00:00","twitter_card":"summary_large_image","twitter_misc":{"Dur\u00e9e de lecture estim\u00e9e":"2 minutes"},"schema":{"@context":"https:\/\/schema.org","@graph":[{"@type":"WebPage","@id":"https:\/\/www.guideline-fr.com\/fr\/preguntas-frecuentes\/","url":"https:\/\/www.guideline-fr.com\/fr\/preguntas-frecuentes\/","name":"Preguntas Frecuentes - Guide Line","isPartOf":{"@id":"https:\/\/www.guideline-fr.com\/fr\/#website"},"datePublished":"2022-12-12T02:53:34+00:00","dateModified":"2022-12-16T20:11:27+00:00","breadcrumb":{"@id":"https:\/\/www.guideline-fr.com\/fr\/preguntas-frecuentes\/#breadcrumb"},"inLanguage":"fr-FR","potentialAction":[{"@type":"ReadAction","target":["https:\/\/www.guideline-fr.com\/fr\/preguntas-frecuentes\/"]}]},{"@type":"BreadcrumbList","@id":"https:\/\/www.guideline-fr.com\/fr\/preguntas-frecuentes\/#breadcrumb","itemListElement":[{"@type":"ListItem","position":1,"name":"Portada","item":"https:\/\/www.guideline-fr.com\/"},{"@type":"ListItem","position":2,"name":"Preguntas Frecuentes"}]},{"@type":"WebSite","@id":"https:\/\/www.guideline-fr.com\/fr\/#website","url":"https:\/\/www.guideline-fr.com\/fr\/","name":"Guide Line","description":"No ofrecemos tours, ofrecemos experiencias","potentialAction":[{"@type":"SearchAction","target":{"@type":"EntryPoint","urlTemplate":"https:\/\/www.guideline-fr.com\/fr\/?s={search_term_string}"},"query-input":"required name=search_term_string"}],"inLanguage":"fr-FR"}]}},"_links":{"self":[{"href":"https:\/\/www.guideline-fr.com\/fr\/wp-json\/wp\/v2\/pages\/64"}],"collection":[{"href":"https:\/\/www.guideline-fr.com\/fr\/wp-json\/wp\/v2\/pages"}],"about":[{"href":"https:\/\/www.guideline-fr.com\/fr\/wp-json\/wp\/v2\/types\/page"}],"author":[{"embeddable":true,"href":"https:\/\/www.guideline-fr.com\/fr\/wp-json\/wp\/v2\/users\/2"}],"replies":[{"embeddable":true,"href":"https:\/\/www.guideline-fr.com\/fr\/wp-json\/wp\/v2\/comments?post=64"}],"version-history":[{"count":3,"href":"https:\/\/www.guideline-fr.com\/fr\/wp-json\/wp\/v2\/pages\/64\/revisions"}],"predecessor-version":[{"id":192,"href":"https:\/\/www.guideline-fr.com\/fr\/wp-json\/wp\/v2\/pages\/64\/revisions\/192"}],"wp:attachment":[{"href":"https:\/\/www.guideline-fr.com\/fr\/wp-json\/wp\/v2\/media?parent=64"}],"curies":[{"name":"wp","href":"https:\/\/api.w.org\/{rel}","templated":true}]}}