{"id":62,"date":"2022-12-12T03:53:16","date_gmt":"2022-12-12T02:53:16","guid":{"rendered":"https:\/\/www.guideline-fr.com\/?page_id=62"},"modified":"2023-05-24T17:32:05","modified_gmt":"2023-05-24T15:32:05","slug":"sobre-guide-line","status":"publish","type":"page","link":"https:\/\/www.guideline-fr.com\/fr\/sobre-guide-line\/","title":{"rendered":"Sur Guide Line"},"content":{"rendered":"<p>[et_pb_section fb_built=&#8221;1&#8243; _builder_version=&#8221;4.18.0&#8243; _module_preset=&#8221;default&#8221; custom_css_main_element=&#8221;height: calc(100vh &#8211; 80px);&#8221; global_colors_info=&#8221;{}&#8221;][et_pb_row column_structure=&#8221;1_2,1_2&#8243; use_custom_gutter=&#8221;on&#8221; make_equal=&#8221;on&#8221; _builder_version=&#8221;4.19.2&#8243; _module_preset=&#8221;default&#8221; height=&#8221;75vh&#8221; global_colors_info=&#8221;{}&#8221;][et_pb_column type=&#8221;1_2&#8243; _builder_version=&#8221;4.18.0&#8243; _module_preset=&#8221;default&#8221; background_color=&#8221;#3BB2A7&#8243; custom_css_main_element=&#8221;display: flex;||flex-direction: column;||justify-content: center;&#8221; global_colors_info=&#8221;{}&#8221;][et_pb_text _builder_version=&#8221;4.19.2&#8243; _module_preset=&#8221;default&#8221; text_font=&#8221;Skia||||||||&#8221; header_font=&#8221;Skia|900|||||||&#8221; header_text_color=&#8221;#FFFFFF&#8221; header_font_size=&#8221;6vh&#8221; custom_margin=&#8221;|25px|50px|25px|false|true&#8221; custom_padding=&#8221;||||false|false&#8221; global_colors_info=&#8221;{}&#8221;]<\/p>\n<h1>NOUS SOMMES UNE ENTREPRISE<\/h1>\n<p>[\/et_pb_text][et_pb_text _builder_version=&#8221;4.19.2&#8243; _module_preset=&#8221;default&#8221; text_font=&#8221;Skia||||||||&#8221; header_font=&#8221;Skia|900|||||||&#8221; header_text_color=&#8221;#FFFFFF&#8221; header_font_size=&#8221;6vh&#8221; custom_margin=&#8221;50px|25px||25px|false|true&#8221; custom_padding=&#8221;||||false|false&#8221; global_colors_info=&#8221;{}&#8221;]<\/p>\n<h1 class=\" translation-block\">DE TAILLE<br>HUMAINE<\/h1>\n<p>[\/et_pb_text][et_pb_button button_url=&#8221;@ET-DC@eyJkeW5hbWljIjp0cnVlLCJjb250ZW50IjoicG9zdF9saW5rX3VybF9wYWdlIiwic2V0dGluZ3MiOnsicG9zdF9pZCI6IjY2In19@&#8221; button_text=&#8221;Saber m\u00e1s de nosotros&#8221; module_class=&#8221;button-arrow&#8221; _builder_version=&#8221;4.19.2&#8243; _dynamic_attributes=&#8221;button_url&#8221; _module_preset=&#8221;default&#8221; custom_button=&#8221;on&#8221; button_text_color=&#8221;#FFFFFF&#8221; button_border_width=&#8221;0px&#8221; button_font=&#8221;Helvetica Light||||||||&#8221; button_icon=&#8221;&#x24;||divi||400&#8243; button_icon_placement=&#8221;left&#8221; button_on_hover=&#8221;off&#8221; custom_margin=&#8221;25px|25px|25px|25px|true|true&#8221; custom_padding=&#8221;||||false|false&#8221; global_colors_info=&#8221;{}&#8221; button_bg_color__hover_enabled=&#8221;on|hover&#8221; button_bg_color__hover=&#8221;RGBA(255,255,255,0)&#8221; button_bg_enable_color__hover=&#8221;on&#8221;][\/et_pb_button][\/et_pb_column][et_pb_column type=&#8221;1_2&#8243; _builder_version=&#8221;4.19.2&#8243; _module_preset=&#8221;default&#8221; custom_css_main_element=&#8221;display: flex;||flex-direction: column;||justify-content: center;&#8221; global_colors_info=&#8221;{}&#8221;][et_pb_image src=&#8221;https:\/\/www.guideline-fr.com\/wp-content\/uploads\/2022\/12\/acerca-de.png&#8221; title_text=&#8221;acerca-de&#8221; align=&#8221;center&#8221; _builder_version=&#8221;4.19.2&#8243; _module_preset=&#8221;default&#8221; global_colors_info=&#8221;{}&#8221;][\/et_pb_image][\/et_pb_column][\/et_pb_row][\/et_pb_section][et_pb_section fb_built=&#8221;1&#8243; _builder_version=&#8221;4.19.2&#8243; _module_preset=&#8221;default&#8221; global_colors_info=&#8221;{}&#8221;][et_pb_row _builder_version=&#8221;4.19.2&#8243; _module_preset=&#8221;default&#8221; global_colors_info=&#8221;{}&#8221;][et_pb_column type=&#8221;4_4&#8243; _builder_version=&#8221;4.19.2&#8243; _module_preset=&#8221;default&#8221; global_colors_info=&#8221;{}&#8221;][et_pb_text _builder_version=&#8221;4.19.2&#8243; _module_preset=&#8221;default&#8221; header_2_font=&#8221;Skia|600|||||||&#8221; header_2_font_size=&#8221;3.5em&#8221; global_colors_info=&#8221;{}&#8221;]<\/p>\n<h2>Historia<\/h2>\n<p>[\/et_pb_text][\/et_pb_column][\/et_pb_row][et_pb_row column_structure=&#8221;1_2,1_2&#8243; _builder_version=&#8221;4.19.2&#8243; _module_preset=&#8221;default&#8221; global_colors_info=&#8221;{}&#8221;][et_pb_column type=&#8221;1_2&#8243; _builder_version=&#8221;4.19.2&#8243; _module_preset=&#8221;default&#8221; global_colors_info=&#8221;{}&#8221;][et_pb_text _builder_version=&#8221;4.19.2&#8243; _module_preset=&#8221;default&#8221; text_font=&#8221;Helvetica Light||||||||&#8221; text_font_size=&#8221;1.2em&#8221; global_colors_info=&#8221;{}&#8221;]<\/p>\n<p>Guide Line est une entreprise jeune, de taille humaine qui combine les deux passions et comp\u00e9tences de son dirigent: le dessin architectonique et le tourisme. Guide pour le Guide car dans le tourisme on appelle comme \u04aba la personne qui dirige un groupe. Et, Line pour la ligne car dans le tourisme, comme dans le dessin architectonique, nous nous servons des lignes pour cr\u00e9er ou pour guider.<\/p>\n<p>Pour Guide Line, l\u2019architecture est l\u2019expression artistique plus humaine qui existe car, l\u2019\u0153uvre est r\u00e9alis\u00e9 pour servir les autres. Cependant, nous consid\u00e9rons que ce concept humain de l\u2019architecture est en train de se perdre.<\/p>\n<p>Nous pensons qui l'est urgent de divulguer et de vulgariser cet art afin de garder son humanit\u00e9. Nous avons cr\u00e9\u00e9 Guide Line avec la finalit\u00e9 de donner un regard humain \u00e0 l\u2019art de b\u00e2tir.<\/p>\n<p>[\/et_pb_text][\/et_pb_column][et_pb_column type=&#8221;1_2&#8243; _builder_version=&#8221;4.19.2&#8243; _module_preset=&#8221;default&#8221; global_colors_info=&#8221;{}&#8221;][et_pb_text _builder_version=&#8221;4.19.2&#8243; _module_preset=&#8221;default&#8221; text_font=&#8221;Helvetica Light||||||||&#8221; text_font_size=&#8221;1.2em&#8221; global_colors_info=&#8221;{}&#8221;]<\/p>\n<p>Guide Line est une soci\u00e9t\u00e9 qui a comme objectif de valoriser l\u2019architecture de Lyon. \u00c0 partir d\u2019exp\u00e9riences et des team building, nous avons la mission d\u2019expliquer les \u0153uvres artistiques plus embl\u00e9matiques et les diff\u00e9rents styles architectoniques de Lyon, d\u2019une fa\u00e7on simple et amusant.<\/p>\n<p>&nbsp;<\/p>\n<p>\u00c0 ce jour, nous avons r\u00e9alis\u00e9 des centaines d\u2019exp\u00e9riences pour des particuliers et pour des institutions tels que, le MARCO(Mus\u00e9e d\u2019Art Contemporain de Monterrey). Aussi, nous travaillons en partenariat avec l\u2019agence Architectours (entreprise bas\u00e9 \u00e0 Barcelone qui proposent des visites guid\u00e9es aux professionnels de l\u2019architecture et des \u00e9coles d\u2019architecture).<\/p>\n<p>[\/et_pb_text][\/et_pb_column][\/et_pb_row][\/et_pb_section][et_pb_section fb_built=&#8221;1&#8243; _builder_version=&#8221;4.19.2&#8243; _module_preset=&#8221;default&#8221; global_colors_info=&#8221;{}&#8221;][et_pb_row column_structure=&#8221;1_2,1_2&#8243; make_equal=&#8221;on&#8221; _builder_version=&#8221;4.20.4&#8243; _module_preset=&#8221;default&#8221; background_enable_color=&#8221;off&#8221; custom_margin=&#8221;||50px||false|false&#8221; global_colors_info=&#8221;{}&#8221;][et_pb_column type=&#8221;1_2&#8243; _builder_version=&#8221;4.20.4&#8243; _module_preset=&#8221;default&#8221; background_color=&#8221;#3BB2A7&#8243; custom_css_main_element=&#8221;display: flex;||flex-direction: column;||justify-content: center;&#8221; global_colors_info=&#8221;{}&#8221;][et_pb_image src=&#8221;https:\/\/www.guideline-fr.com\/wp-content\/uploads\/2022\/11\/services.png&#8221; title_text=&#8221;services&#8221; _builder_version=&#8221;4.19.2&#8243; _module_preset=&#8221;default&#8221; global_colors_info=&#8221;{}&#8221;][\/et_pb_image][\/et_pb_column][et_pb_column type=&#8221;1_2&#8243; _builder_version=&#8221;4.19.2&#8243; _module_preset=&#8221;default&#8221; global_colors_info=&#8221;{}&#8221;][et_pb_text _builder_version=&#8221;4.19.2&#8243; _module_preset=&#8221;default&#8221; text_font=&#8221;Helvetica Light||||||||&#8221; text_font_size=&#8221;1.2em&#8221; header_2_font=&#8221;Skia|600||on|||||&#8221; header_2_font_size=&#8221;3.5em&#8221; global_colors_info=&#8221;{}&#8221;]<\/p>\n<h2>\u00a0MISSION<\/h2>\n<p>Faire d\u00e9couvrir aux hispanophones le patrimoine de la ville de Lyon, \u00e0 partir d\u2019un langage simple et de fa\u00e7on ludique. Ainsi, participer \u00e0 l\u2019apprentissage et \u00e0 l\u2019inclusion de la langue espagnol en France.\u00a0<\/p>\n<p>[\/et_pb_text][et_pb_image src=&#8221;https:\/\/www.guideline-fr.com\/wp-content\/uploads\/2022\/12\/lineas-verticales.png&#8221; title_text=&#8221;lineas-verticales&#8221; align=&#8221;center&#8221; _builder_version=&#8221;4.19.2&#8243; _module_preset=&#8221;default&#8221; max_height=&#8221;125px&#8221; global_colors_info=&#8221;{}&#8221; custom_padding=&#8221;33px||0px|||&#8221;][\/et_pb_image][et_pb_text _builder_version=&#8221;4.19.2&#8243; _module_preset=&#8221;default&#8221; text_font=&#8221;Helvetica Light||||||||&#8221; text_font_size=&#8221;1.2em&#8221; header_2_font=&#8221;Skia|600||on|||||&#8221; header_2_font_size=&#8221;3.5em&#8221; global_colors_info=&#8221;{}&#8221;]<\/p>\n<h2>VISSION<\/h2>\n<p>\u00catre un r\u00e9f\u00e9rent dans le secteur culturel et touristique de Lyon. En soutenant, fid\u00e9lisant et en donnant \u00e0 nos clients une perception humaine du patrimoine de la ville de Lyon.<\/p>\n<p>[\/et_pb_text][\/et_pb_column][\/et_pb_row][et_pb_row column_structure=&#8221;1_2,1_2&#8243; make_equal=&#8221;on&#8221; _builder_version=&#8221;4.19.2&#8243; _module_preset=&#8221;default&#8221; background_enable_color=&#8221;off&#8221; custom_margin=&#8221;||50px||false|false&#8221; global_colors_info=&#8221;{}&#8221;][et_pb_column type=&#8221;1_2&#8243; _builder_version=&#8221;4.19.2&#8243; _module_preset=&#8221;default&#8221; global_colors_info=&#8221;{}&#8221;][et_pb_text _builder_version=&#8221;4.19.2&#8243; _module_preset=&#8221;default&#8221; text_font=&#8221;Helvetica Light||||||||&#8221; text_font_size=&#8221;1.2em&#8221; header_2_font=&#8221;Skia|600||on|||||&#8221; header_2_font_size=&#8221;3.5em&#8221; global_colors_info=&#8221;{}&#8221;]<\/p>\n<h2>EQUIPE<\/h2>\n<p>&nbsp;<\/p>\n<h3>Sara Guide Line<\/h3>\n<p>&nbsp;<\/p>\n<p>Dipl\u00f4m\u00e9e en architecture et titulaire d\u2019un master en Histoire de l\u2019art. Depuis 2019, je propose des visites guid\u00e9es \u00e0 Lyon. Passionn\u00e9e de l\u2019art en g\u00e9n\u00e9ral et de l\u2019architecture en particulier. J\u2019ai cr\u00e9\u00e9 la soci\u00e9t\u00e9 Guide Line afin de promouvoir l\u2019architecture fran\u00e7aise dans une ambiance chaleureuse qui d\u00e9passe les fronti\u00e8res de la langue.<\/p>\n<p>&nbsp;<\/p>\n<p>[\/et_pb_text][\/et_pb_column][et_pb_column type=&#8221;1_2&#8243; _builder_version=&#8221;4.19.2&#8243; _module_preset=&#8221;default&#8221; background_color=&#8221;#3BB2A7&#8243; custom_css_main_element=&#8221;display: flex;||flex-direction: column;||justify-content: center;&#8221; global_colors_info=&#8221;{}&#8221;][et_pb_image src=&#8221;https:\/\/www.guideline-fr.com\/wp-content\/uploads\/2022\/12\/servicios-profesionales.png&#8221; title_text=&#8221;servicios-profesionales&#8221; _builder_version=&#8221;4.19.2&#8243; _module_preset=&#8221;default&#8221; global_colors_info=&#8221;{}&#8221;][\/et_pb_image][\/et_pb_column][\/et_pb_row][\/et_pb_section][et_pb_section fb_built=&#8221;1&#8243; _builder_version=&#8221;4.19.2&#8243; _module_preset=&#8221;default&#8221; background_color=&#8221;#f7f7f7&#8243; global_colors_info=&#8221;{}&#8221;][et_pb_row _builder_version=&#8221;4.19.2&#8243; _module_preset=&#8221;default&#8221; global_colors_info=&#8221;{}&#8221;][et_pb_column type=&#8221;4_4&#8243; _builder_version=&#8221;4.19.2&#8243; _module_preset=&#8221;default&#8221; global_colors_info=&#8221;{}&#8221;][et_pb_text _builder_version=&#8221;4.19.2&#8243; _module_preset=&#8221;default&#8221; text_font=&#8221;Helvetica Light||||||||&#8221; text_font_size=&#8221;1.2em&#8221; header_2_font=&#8221;Skia|600||on|||||&#8221; header_2_text_align=&#8221;left&#8221; header_2_font_size=&#8221;3.5em&#8221; global_colors_info=&#8221;{}&#8221;]<\/p>\n<h2>EXP\u00c9RIENCES<\/h2>\n<p>[\/et_pb_text][et_pb_gallery gallery_ids=&#8221;261,273,262,263,264,265,274,266,267,268,269,275,270,271,272&#8243; posts_number=&#8221;20&#8243; show_title_and_caption=&#8221;off&#8221; show_pagination=&#8221;off&#8221; _builder_version=&#8221;4.19.2&#8243; _module_preset=&#8221;default&#8221; global_colors_info=&#8221;{}&#8221;][\/et_pb_gallery][\/et_pb_column][\/et_pb_row][\/et_pb_section]<\/p>","protected":false},"excerpt":{"rendered":"<p>SOMOS UNA EMPRESADE TALLAHUMANAHistoriaGuide Line es una empresa joven de talla humana que fusiona las dos pasiones y competencias de su dirigente: el dibujo arquitect\u00f3nico y el turismo. Guide de Gu\u00eda porque tur\u00edsticamente as\u00ed se llama a la persona que lleva un grupo. Y, Line de L\u00ednea ya que tanto en el turismo, como en [&hellip;]<\/p>","protected":false},"author":2,"featured_media":0,"parent":0,"menu_order":0,"comment_status":"closed","ping_status":"closed","template":"","meta":{"_et_pb_use_builder":"on","_et_pb_old_content":"<!-- wp:divi\/placeholder \/-->","_et_gb_content_width":"","footnotes":""},"yoast_head":"<!-- This site is optimized with the Yoast SEO plugin v21.9.1 - https:\/\/yoast.com\/wordpress\/plugins\/seo\/ -->\n<title>Sobre Guide Line - Guide Line<\/title>\n<meta name=\"robots\" content=\"index, follow, max-snippet:-1, max-image-preview:large, max-video-preview:-1\" \/>\n<link rel=\"canonical\" href=\"https:\/\/www.guideline-fr.com\/fr\/sobre-guide-line\/\" \/>\n<meta property=\"og:locale\" content=\"fr_FR\" \/>\n<meta property=\"og:type\" content=\"article\" \/>\n<meta property=\"og:title\" content=\"Sobre Guide Line - Guide Line\" \/>\n<meta property=\"og:description\" content=\"SOMOS UNA EMPRESADE TALLAHUMANAHistoriaGuide Line es una empresa joven de talla humana que fusiona las dos pasiones y competencias de su dirigente: el dibujo arquitect\u00f3nico y el turismo. Guide de Gu\u00eda porque tur\u00edsticamente as\u00ed se llama a la persona que lleva un grupo. Y, Line de L\u00ednea ya que tanto en el turismo, como en [&hellip;]\" \/>\n<meta property=\"og:url\" content=\"https:\/\/www.guideline-fr.com\/fr\/sobre-guide-line\/\" \/>\n<meta property=\"og:site_name\" content=\"Guide Line\" \/>\n<meta property=\"article:modified_time\" content=\"2023-05-24T15:32:05+00:00\" \/>\n<meta name=\"twitter:card\" content=\"summary_large_image\" \/>\n<meta name=\"twitter:label1\" content=\"Dur\u00e9e de lecture estim\u00e9e\" \/>\n\t<meta name=\"twitter:data1\" content=\"7 minutes\" \/>\n<script type=\"application\/ld+json\" class=\"yoast-schema-graph\">{\"@context\":\"https:\/\/schema.org\",\"@graph\":[{\"@type\":\"WebPage\",\"@id\":\"https:\/\/www.guideline-fr.com\/fr\/sobre-guide-line\/\",\"url\":\"https:\/\/www.guideline-fr.com\/fr\/sobre-guide-line\/\",\"name\":\"Sobre Guide Line - Guide Line\",\"isPartOf\":{\"@id\":\"https:\/\/www.guideline-fr.com\/fr\/#website\"},\"datePublished\":\"2022-12-12T02:53:16+00:00\",\"dateModified\":\"2023-05-24T15:32:05+00:00\",\"breadcrumb\":{\"@id\":\"https:\/\/www.guideline-fr.com\/fr\/sobre-guide-line\/#breadcrumb\"},\"inLanguage\":\"fr-FR\",\"potentialAction\":[{\"@type\":\"ReadAction\",\"target\":[\"https:\/\/www.guideline-fr.com\/fr\/sobre-guide-line\/\"]}]},{\"@type\":\"BreadcrumbList\",\"@id\":\"https:\/\/www.guideline-fr.com\/fr\/sobre-guide-line\/#breadcrumb\",\"itemListElement\":[{\"@type\":\"ListItem\",\"position\":1,\"name\":\"Portada\",\"item\":\"https:\/\/www.guideline-fr.com\/\"},{\"@type\":\"ListItem\",\"position\":2,\"name\":\"Sobre Guide Line\"}]},{\"@type\":\"WebSite\",\"@id\":\"https:\/\/www.guideline-fr.com\/fr\/#website\",\"url\":\"https:\/\/www.guideline-fr.com\/fr\/\",\"name\":\"Guide Line\",\"description\":\"No ofrecemos tours, ofrecemos experiencias\",\"potentialAction\":[{\"@type\":\"SearchAction\",\"target\":{\"@type\":\"EntryPoint\",\"urlTemplate\":\"https:\/\/www.guideline-fr.com\/fr\/?s={search_term_string}\"},\"query-input\":\"required name=search_term_string\"}],\"inLanguage\":\"fr-FR\"}]}<\/script>\n<!-- \/ Yoast SEO plugin. -->","yoast_head_json":{"title":"Sobre Guide Line - Guide Line","robots":{"index":"index","follow":"follow","max-snippet":"max-snippet:-1","max-image-preview":"max-image-preview:large","max-video-preview":"max-video-preview:-1"},"canonical":"https:\/\/www.guideline-fr.com\/fr\/sobre-guide-line\/","og_locale":"fr_FR","og_type":"article","og_title":"Sobre Guide Line - Guide Line","og_description":"SOMOS UNA EMPRESADE TALLAHUMANAHistoriaGuide Line es una empresa joven de talla humana que fusiona las dos pasiones y competencias de su dirigente: el dibujo arquitect\u00f3nico y el turismo. Guide de Gu\u00eda porque tur\u00edsticamente as\u00ed se llama a la persona que lleva un grupo. Y, Line de L\u00ednea ya que tanto en el turismo, como en [&hellip;]","og_url":"https:\/\/www.guideline-fr.com\/fr\/sobre-guide-line\/","og_site_name":"Guide Line","article_modified_time":"2023-05-24T15:32:05+00:00","twitter_card":"summary_large_image","twitter_misc":{"Dur\u00e9e de lecture estim\u00e9e":"7 minutes"},"schema":{"@context":"https:\/\/schema.org","@graph":[{"@type":"WebPage","@id":"https:\/\/www.guideline-fr.com\/fr\/sobre-guide-line\/","url":"https:\/\/www.guideline-fr.com\/fr\/sobre-guide-line\/","name":"Sobre Guide Line - Guide Line","isPartOf":{"@id":"https:\/\/www.guideline-fr.com\/fr\/#website"},"datePublished":"2022-12-12T02:53:16+00:00","dateModified":"2023-05-24T15:32:05+00:00","breadcrumb":{"@id":"https:\/\/www.guideline-fr.com\/fr\/sobre-guide-line\/#breadcrumb"},"inLanguage":"fr-FR","potentialAction":[{"@type":"ReadAction","target":["https:\/\/www.guideline-fr.com\/fr\/sobre-guide-line\/"]}]},{"@type":"BreadcrumbList","@id":"https:\/\/www.guideline-fr.com\/fr\/sobre-guide-line\/#breadcrumb","itemListElement":[{"@type":"ListItem","position":1,"name":"Portada","item":"https:\/\/www.guideline-fr.com\/"},{"@type":"ListItem","position":2,"name":"Sobre Guide Line"}]},{"@type":"WebSite","@id":"https:\/\/www.guideline-fr.com\/fr\/#website","url":"https:\/\/www.guideline-fr.com\/fr\/","name":"Guide Line","description":"No ofrecemos tours, ofrecemos experiencias","potentialAction":[{"@type":"SearchAction","target":{"@type":"EntryPoint","urlTemplate":"https:\/\/www.guideline-fr.com\/fr\/?s={search_term_string}"},"query-input":"required name=search_term_string"}],"inLanguage":"fr-FR"}]}},"_links":{"self":[{"href":"https:\/\/www.guideline-fr.com\/fr\/wp-json\/wp\/v2\/pages\/62"}],"collection":[{"href":"https:\/\/www.guideline-fr.com\/fr\/wp-json\/wp\/v2\/pages"}],"about":[{"href":"https:\/\/www.guideline-fr.com\/fr\/wp-json\/wp\/v2\/types\/page"}],"author":[{"embeddable":true,"href":"https:\/\/www.guideline-fr.com\/fr\/wp-json\/wp\/v2\/users\/2"}],"replies":[{"embeddable":true,"href":"https:\/\/www.guideline-fr.com\/fr\/wp-json\/wp\/v2\/comments?post=62"}],"version-history":[{"count":16,"href":"https:\/\/www.guideline-fr.com\/fr\/wp-json\/wp\/v2\/pages\/62\/revisions"}],"predecessor-version":[{"id":363,"href":"https:\/\/www.guideline-fr.com\/fr\/wp-json\/wp\/v2\/pages\/62\/revisions\/363"}],"wp:attachment":[{"href":"https:\/\/www.guideline-fr.com\/fr\/wp-json\/wp\/v2\/media?parent=62"}],"curies":[{"name":"wp","href":"https:\/\/api.w.org\/{rel}","templated":true}]}}